{"id":1566,"date":"2025-05-05T16:01:25","date_gmt":"2025-05-05T14:01:25","guid":{"rendered":"https:\/\/janina.es\/servicios\/"},"modified":"2025-05-07T09:36:33","modified_gmt":"2025-05-07T07:36:33","slug":"servicios","status":"publish","type":"page","link":"https:\/\/janina.es\/es\/servicios\/","title":{"rendered":"Servicios"},"content":{"rendered":"\t\t<div data-elementor-type=\"wp-page\" data-elementor-id=\"1566\" class=\"elementor elementor-1566 elementor-1028\" data-elementor-post-type=\"page\">\n\t\t\t\t<div class=\"elementor-element elementor-element-b75d9f1 e-con-full e-flex e-con e-parent\" data-id=\"b75d9f1\" data-element_type=\"container\" data-e-type=\"container\" data-settings=\"{&quot;background_background&quot;:&quot;classic&quot;}\">\n\t\t\t\t<div class=\"elementor-element elementor-element-833e119 elementor-widget elementor-widget-spacer\" data-id=\"833e119\" data-element_type=\"widget\" data-e-type=\"widget\" data-widget_type=\"spacer.default\">\n\t\t\t\t<div class=\"elementor-widget-container\">\n\t\t\t\t\t\t\t<div class=\"elementor-spacer\">\n\t\t\t<div class=\"elementor-spacer-inner\"><\/div>\n\t\t<\/div>\n\t\t\t\t\t\t<\/div>\n\t\t\t\t<\/div>\n\t\t\t\t<div class=\"elementor-element elementor-element-55de237 elementor-widget elementor-widget-heading\" data-id=\"55de237\" data-element_type=\"widget\" data-e-type=\"widget\" data-widget_type=\"heading.default\">\n\t\t\t\t<div class=\"elementor-widget-container\">\n\t\t\t\t\t<h2 class=\"elementor-heading-title elementor-size-default\">Servicios<\/h2>\t\t\t\t<\/div>\n\t\t\t\t<\/div>\n\t\t<div class=\"elementor-element elementor-element-f9ef243 e-flex e-con-boxed e-con e-child\" data-id=\"f9ef243\" data-element_type=\"container\" data-e-type=\"container\">\n\t\t\t\t\t<div class=\"e-con-inner\">\n\t\t<div class=\"elementor-element elementor-element-70f3f43 e-con-full e-flex e-con e-child\" data-id=\"70f3f43\" data-element_type=\"container\" data-e-type=\"container\">\n\t\t\t\t<div class=\"elementor-element elementor-element-aa22de0 elementor-widget elementor-widget-heading\" data-id=\"aa22de0\" data-element_type=\"widget\" data-e-type=\"widget\" data-widget_type=\"heading.default\">\n\t\t\t\t<div class=\"elementor-widget-container\">\n\t\t\t\t\t<h2 class=\"elementor-heading-title elementor-size-default\">Asesoramiento<\/h2>\t\t\t\t<\/div>\n\t\t\t\t<\/div>\n\t\t\t\t<div class=\"elementor-element elementor-element-0c55b00 elementor-widget elementor-widget-text-editor\" data-id=\"0c55b00\" data-element_type=\"widget\" data-e-type=\"widget\" data-widget_type=\"text-editor.default\">\n\t\t\t\t<div class=\"elementor-widget-container\">\n\t\t\t\t\t\t\t\t\t<p>Janina a trav\u00e9s de su experiencia, y del conocimiento del mercado y del sector puede convertirse en un colaborador para favorecer la elecci\u00f3n de un determinado producto o casa. Ajust\u00e1ndose a calidades, cantidades o precio a fin de que la clienta o el cliente pueda decidir por s\u00ed mismo que le puede ir mejor en su negocio. <br><br>Adem\u00e1s, en nuestros puntos de venta existe personal cualificado para poder orientarte en nuestra gama de productos.  <br><br>Sin embargo, la empresa ofrece cursos de coaching para mejorar uno mismo, resolver problemas, potenciar puntos fuertes para incrementar su capital humano y talentoso, y poder sacar un mejor rendimiento de su sal\u00f3n.<\/p>\t\t\t\t\t\t\t\t<\/div>\n\t\t\t\t<\/div>\n\t\t\t\t<\/div>\n\t\t<div class=\"elementor-element elementor-element-132859c e-con-full e-flex e-con e-child\" data-id=\"132859c\" data-element_type=\"container\" data-e-type=\"container\">\n\t\t\t\t<div class=\"elementor-element elementor-element-0a0de78 elementor-widget elementor-widget-heading\" data-id=\"0a0de78\" data-element_type=\"widget\" data-e-type=\"widget\" data-widget_type=\"heading.default\">\n\t\t\t\t<div class=\"elementor-widget-container\">\n\t\t\t\t\t<h2 class=\"elementor-heading-title elementor-size-default\">Accesorios y productos<\/h2>\t\t\t\t<\/div>\n\t\t\t\t<\/div>\n\t\t\t\t<div class=\"elementor-element elementor-element-6346d09 elementor-widget elementor-widget-text-editor\" data-id=\"6346d09\" data-element_type=\"widget\" data-e-type=\"widget\" data-widget_type=\"text-editor.default\">\n\t\t\t\t<div class=\"elementor-widget-container\">\n\t\t\t\t\t\t\t\t\t<p>Janina es una empresa de distribuci\u00f3n de productos y accesorios de m\u00faltiples marcas que lideran el mercado del sector de la belleza. El dinamismo y la flexibilidad en este sector son claves para poder ofrecer a nuestros clientes y clientes productos innovadores que faciliten su labor profesional y que ofrezcan un resultado espl\u00e9ndido. <br><br>Desde hace a\u00f1os priorizamos, los productos con:<\/p>\t\t\t\t\t\t\t\t<\/div>\n\t\t\t\t<\/div>\n\t\t\t\t<\/div>\n\t\t\t\t\t<\/div>\n\t\t\t\t<\/div>\n\t\t<div class=\"elementor-element elementor-element-591291f e-flex e-con-boxed e-con e-child\" data-id=\"591291f\" data-element_type=\"container\" data-e-type=\"container\">\n\t\t\t\t\t<div class=\"e-con-inner\">\n\t\t<div class=\"elementor-element elementor-element-198d08b e-con-full e-flex e-con e-child\" data-id=\"198d08b\" data-element_type=\"container\" data-e-type=\"container\">\n\t\t\t\t<div class=\"elementor-element elementor-element-42f85fc elementor-widget elementor-widget-heading\" data-id=\"42f85fc\" data-element_type=\"widget\" data-e-type=\"widget\" data-widget_type=\"heading.default\">\n\t\t\t\t<div class=\"elementor-widget-container\">\n\t\t\t\t\t<h2 class=\"elementor-heading-title elementor-size-default\">Exclusivas y formaci\u00f3n<\/h2>\t\t\t\t<\/div>\n\t\t\t\t<\/div>\n\t\t\t\t<div class=\"elementor-element elementor-element-8c22446 elementor-widget elementor-widget-text-editor\" data-id=\"8c22446\" data-element_type=\"widget\" data-e-type=\"widget\" data-widget_type=\"text-editor.default\">\n\t\t\t\t<div class=\"elementor-widget-container\">\n\t\t\t\t\t\t\t\t\t<p>Janina trabaja conjuntamente con las siguientes marcas en la zona de Gerona. Como distribuidores oficiales de las siguientes casas, celebramos presentaciones de nuevos productos, formaciones con las t\u00e9cnicas y t\u00e9cnicos oficiales. Estas casas participan en las principales ferias mundiales, como Cosmoprof.  <\/p>\t\t\t\t\t\t\t\t<\/div>\n\t\t\t\t<\/div>\n\t\t\t\t<\/div>\n\t\t<div class=\"elementor-element elementor-element-2509fd3 e-con-full e-flex e-con e-child\" data-id=\"2509fd3\" data-element_type=\"container\" data-e-type=\"container\">\n\t\t\t\t<div class=\"elementor-element elementor-element-794c969 elementor-widget elementor-widget-text-editor\" data-id=\"794c969\" data-element_type=\"widget\" data-e-type=\"widget\" data-widget_type=\"text-editor.default\">\n\t\t\t\t<div class=\"elementor-widget-container\">\n\t\t\t\t\t\t\t\t\t<p><strong>Pura Kosmetica<\/strong> : Casa de productos de peluquer\u00eda italiana con una l\u00ednea extensa de productos. Esta empresa trabaja, no s\u00f3lo, atenta al resultado que garantizan los productos sino que tambi\u00e9n presta especial atenci\u00f3n a su composici\u00f3n. Por eso, eligen una filosof\u00eda de productos con extractos y principios activos naturales, sin a\u00f1adir componentes agresivos o perjudiciales.  <\/p><p><strong>Oyster Cosmetics<\/strong> : Empresa fabricante italiana de productos cosm\u00e9ticos para el cabello que trabaja desde hace m\u00e1s de 30 a\u00f1os en el sector profesional de la peluquer\u00eda. Oyster Cosmetics tiene una l\u00ednea de productos amplia, y con una larga experiencia detr\u00e1s. <\/p>\t\t\t\t\t\t\t\t<\/div>\n\t\t\t\t<\/div>\n\t\t\t\t<\/div>\n\t\t\t\t\t<\/div>\n\t\t\t\t<\/div>\n\t\t\t\t<\/div>\n\t\t\t\t<\/div>\n\t\t","protected":false},"excerpt":{"rendered":"<p>Servicios Asesoramiento Janina a trav\u00e9s de su experiencia, y del conocimiento del mercado y del sector puede convertirse en un colaborador para favorecer la elecci\u00f3n de un determinado producto o casa. Ajust\u00e1ndose a calidades, cantidades o precio a fin de que la clienta o el cliente pueda decidir por s\u00ed mismo que le puede ir [&hellip;]<\/p>\n","protected":false},"author":1,"featured_media":1170,"parent":0,"menu_order":0,"comment_status":"closed","ping_status":"closed","template":"elementor_header_footer","meta":{"footnotes":""},"class_list":["post-1566","page","type-page","status-publish","has-post-thumbnail","hentry"],"yoast_head":"<!-- This site is optimized with the Yoast SEO plugin v27.4 - https:\/\/yoast.com\/product\/yoast-seo-wordpress\/ -->\n<title>Servicios para Peluquer\u00eda, Barber\u00eda y Est\u00e9tica - Janina<\/title>\n<meta name=\"description\" content=\"Servicios de Janina para peluquer\u00eda, barber\u00eda y est\u00e9tica en Blanes: asesoramiento, formaci\u00f3n y marcas exclusivas para profesionales.\" \/>\n<meta name=\"robots\" content=\"index, follow, max-snippet:-1, max-image-preview:large, max-video-preview:-1\" \/>\n<link rel=\"canonical\" href=\"https:\/\/janina.es\/es\/servicios\/\" \/>\n<meta property=\"og:locale\" content=\"es_ES\" \/>\n<meta property=\"og:type\" content=\"article\" \/>\n<meta property=\"og:title\" content=\"Servicios para Peluquer\u00eda, Barber\u00eda y Est\u00e9tica - Janina\" \/>\n<meta property=\"og:description\" content=\"Servicios de Janina para peluquer\u00eda, barber\u00eda y est\u00e9tica en Blanes: asesoramiento, formaci\u00f3n y marcas exclusivas para profesionales.\" \/>\n<meta property=\"og:url\" content=\"https:\/\/janina.es\/es\/servicios\/\" \/>\n<meta property=\"og:site_name\" content=\"Janina\" \/>\n<meta property=\"article:modified_time\" content=\"2025-05-07T07:36:33+00:00\" \/>\n<meta property=\"og:image\" content=\"https:\/\/janina.es\/wp-content\/uploads\/2025\/05\/janina-favicon.webp\" \/>\n\t<meta property=\"og:image:width\" content=\"347\" \/>\n\t<meta property=\"og:image:height\" content=\"347\" \/>\n\t<meta property=\"og:image:type\" content=\"image\/webp\" \/>\n<meta name=\"twitter:card\" content=\"summary_large_image\" \/>\n<meta name=\"twitter:label1\" content=\"Tiempo de lectura\" \/>\n\t<meta name=\"twitter:data1\" content=\"2 minutos\" \/>\n<script type=\"application\/ld+json\" class=\"yoast-schema-graph\">{\"@context\":\"https:\\\/\\\/schema.org\",\"@graph\":[{\"@type\":\"WebPage\",\"@id\":\"https:\\\/\\\/janina.es\\\/es\\\/servicios\\\/\",\"url\":\"https:\\\/\\\/janina.es\\\/es\\\/servicios\\\/\",\"name\":\"Servicios para Peluquer\u00eda, Barber\u00eda y Est\u00e9tica - Janina\",\"isPartOf\":{\"@id\":\"https:\\\/\\\/janina.es\\\/es\\\/#website\"},\"primaryImageOfPage\":{\"@id\":\"https:\\\/\\\/janina.es\\\/es\\\/servicios\\\/#primaryimage\"},\"image\":{\"@id\":\"https:\\\/\\\/janina.es\\\/es\\\/servicios\\\/#primaryimage\"},\"thumbnailUrl\":\"https:\\\/\\\/janina.es\\\/wp-content\\\/uploads\\\/2025\\\/05\\\/janina-favicon.webp\",\"datePublished\":\"2025-05-05T14:01:25+00:00\",\"dateModified\":\"2025-05-07T07:36:33+00:00\",\"description\":\"Servicios de Janina para peluquer\u00eda, barber\u00eda y est\u00e9tica en Blanes: asesoramiento, formaci\u00f3n y marcas exclusivas para profesionales.\",\"breadcrumb\":{\"@id\":\"https:\\\/\\\/janina.es\\\/es\\\/servicios\\\/#breadcrumb\"},\"inLanguage\":\"es\",\"potentialAction\":[{\"@type\":\"ReadAction\",\"target\":[\"https:\\\/\\\/janina.es\\\/es\\\/servicios\\\/\"]}]},{\"@type\":\"ImageObject\",\"inLanguage\":\"es\",\"@id\":\"https:\\\/\\\/janina.es\\\/es\\\/servicios\\\/#primaryimage\",\"url\":\"https:\\\/\\\/janina.es\\\/wp-content\\\/uploads\\\/2025\\\/05\\\/janina-favicon.webp\",\"contentUrl\":\"https:\\\/\\\/janina.es\\\/wp-content\\\/uploads\\\/2025\\\/05\\\/janina-favicon.webp\",\"width\":347,\"height\":347},{\"@type\":\"BreadcrumbList\",\"@id\":\"https:\\\/\\\/janina.es\\\/es\\\/servicios\\\/#breadcrumb\",\"itemListElement\":[{\"@type\":\"ListItem\",\"position\":1,\"name\":\"Inici\",\"item\":\"https:\\\/\\\/janina.es\\\/es\\\/n-estudio\\\/\"},{\"@type\":\"ListItem\",\"position\":2,\"name\":\"Servicios\"}]},{\"@type\":\"WebSite\",\"@id\":\"https:\\\/\\\/janina.es\\\/es\\\/#website\",\"url\":\"https:\\\/\\\/janina.es\\\/es\\\/\",\"name\":\"Janina\",\"description\":\"Productes per a perruqueria, barberia i mobiliari de sal\u00f3\",\"publisher\":{\"@id\":\"https:\\\/\\\/janina.es\\\/es\\\/#organization\"},\"potentialAction\":[{\"@type\":\"SearchAction\",\"target\":{\"@type\":\"EntryPoint\",\"urlTemplate\":\"https:\\\/\\\/janina.es\\\/es\\\/?s={search_term_string}\"},\"query-input\":{\"@type\":\"PropertyValueSpecification\",\"valueRequired\":true,\"valueName\":\"search_term_string\"}}],\"inLanguage\":\"es\"},{\"@type\":\"Organization\",\"@id\":\"https:\\\/\\\/janina.es\\\/es\\\/#organization\",\"name\":\"Janina\",\"url\":\"https:\\\/\\\/janina.es\\\/es\\\/\",\"logo\":{\"@type\":\"ImageObject\",\"inLanguage\":\"es\",\"@id\":\"https:\\\/\\\/janina.es\\\/es\\\/#\\\/schema\\\/logo\\\/image\\\/\",\"url\":\"https:\\\/\\\/janina.es\\\/wp-content\\\/uploads\\\/2025\\\/04\\\/janina-logo-white.webp\",\"contentUrl\":\"https:\\\/\\\/janina.es\\\/wp-content\\\/uploads\\\/2025\\\/04\\\/janina-logo-white.webp\",\"width\":532,\"height\":169,\"caption\":\"Janina\"},\"image\":{\"@id\":\"https:\\\/\\\/janina.es\\\/es\\\/#\\\/schema\\\/logo\\\/image\\\/\"}}]}<\/script>\n<!-- \/ Yoast SEO plugin. -->","yoast_head_json":{"title":"Servicios para Peluquer\u00eda, Barber\u00eda y Est\u00e9tica - Janina","description":"Servicios de Janina para peluquer\u00eda, barber\u00eda y est\u00e9tica en Blanes: asesoramiento, formaci\u00f3n y marcas exclusivas para profesionales.","robots":{"index":"index","follow":"follow","max-snippet":"max-snippet:-1","max-image-preview":"max-image-preview:large","max-video-preview":"max-video-preview:-1"},"canonical":"https:\/\/janina.es\/es\/servicios\/","og_locale":"es_ES","og_type":"article","og_title":"Servicios para Peluquer\u00eda, Barber\u00eda y Est\u00e9tica - Janina","og_description":"Servicios de Janina para peluquer\u00eda, barber\u00eda y est\u00e9tica en Blanes: asesoramiento, formaci\u00f3n y marcas exclusivas para profesionales.","og_url":"https:\/\/janina.es\/es\/servicios\/","og_site_name":"Janina","article_modified_time":"2025-05-07T07:36:33+00:00","og_image":[{"width":347,"height":347,"url":"https:\/\/janina.es\/wp-content\/uploads\/2025\/05\/janina-favicon.webp","type":"image\/webp"}],"twitter_card":"summary_large_image","twitter_misc":{"Tiempo de lectura":"2 minutos"},"schema":{"@context":"https:\/\/schema.org","@graph":[{"@type":"WebPage","@id":"https:\/\/janina.es\/es\/servicios\/","url":"https:\/\/janina.es\/es\/servicios\/","name":"Servicios para Peluquer\u00eda, Barber\u00eda y Est\u00e9tica - Janina","isPartOf":{"@id":"https:\/\/janina.es\/es\/#website"},"primaryImageOfPage":{"@id":"https:\/\/janina.es\/es\/servicios\/#primaryimage"},"image":{"@id":"https:\/\/janina.es\/es\/servicios\/#primaryimage"},"thumbnailUrl":"https:\/\/janina.es\/wp-content\/uploads\/2025\/05\/janina-favicon.webp","datePublished":"2025-05-05T14:01:25+00:00","dateModified":"2025-05-07T07:36:33+00:00","description":"Servicios de Janina para peluquer\u00eda, barber\u00eda y est\u00e9tica en Blanes: asesoramiento, formaci\u00f3n y marcas exclusivas para profesionales.","breadcrumb":{"@id":"https:\/\/janina.es\/es\/servicios\/#breadcrumb"},"inLanguage":"es","potentialAction":[{"@type":"ReadAction","target":["https:\/\/janina.es\/es\/servicios\/"]}]},{"@type":"ImageObject","inLanguage":"es","@id":"https:\/\/janina.es\/es\/servicios\/#primaryimage","url":"https:\/\/janina.es\/wp-content\/uploads\/2025\/05\/janina-favicon.webp","contentUrl":"https:\/\/janina.es\/wp-content\/uploads\/2025\/05\/janina-favicon.webp","width":347,"height":347},{"@type":"BreadcrumbList","@id":"https:\/\/janina.es\/es\/servicios\/#breadcrumb","itemListElement":[{"@type":"ListItem","position":1,"name":"Inici","item":"https:\/\/janina.es\/es\/n-estudio\/"},{"@type":"ListItem","position":2,"name":"Servicios"}]},{"@type":"WebSite","@id":"https:\/\/janina.es\/es\/#website","url":"https:\/\/janina.es\/es\/","name":"Janina","description":"Productes per a perruqueria, barberia i mobiliari de sal\u00f3","publisher":{"@id":"https:\/\/janina.es\/es\/#organization"},"potentialAction":[{"@type":"SearchAction","target":{"@type":"EntryPoint","urlTemplate":"https:\/\/janina.es\/es\/?s={search_term_string}"},"query-input":{"@type":"PropertyValueSpecification","valueRequired":true,"valueName":"search_term_string"}}],"inLanguage":"es"},{"@type":"Organization","@id":"https:\/\/janina.es\/es\/#organization","name":"Janina","url":"https:\/\/janina.es\/es\/","logo":{"@type":"ImageObject","inLanguage":"es","@id":"https:\/\/janina.es\/es\/#\/schema\/logo\/image\/","url":"https:\/\/janina.es\/wp-content\/uploads\/2025\/04\/janina-logo-white.webp","contentUrl":"https:\/\/janina.es\/wp-content\/uploads\/2025\/04\/janina-logo-white.webp","width":532,"height":169,"caption":"Janina"},"image":{"@id":"https:\/\/janina.es\/es\/#\/schema\/logo\/image\/"}}]}},"_links":{"self":[{"href":"https:\/\/janina.es\/es\/wp-json\/wp\/v2\/pages\/1566","targetHints":{"allow":["GET"]}}],"collection":[{"href":"https:\/\/janina.es\/es\/wp-json\/wp\/v2\/pages"}],"about":[{"href":"https:\/\/janina.es\/es\/wp-json\/wp\/v2\/types\/page"}],"author":[{"embeddable":true,"href":"https:\/\/janina.es\/es\/wp-json\/wp\/v2\/users\/1"}],"replies":[{"embeddable":true,"href":"https:\/\/janina.es\/es\/wp-json\/wp\/v2\/comments?post=1566"}],"version-history":[{"count":1,"href":"https:\/\/janina.es\/es\/wp-json\/wp\/v2\/pages\/1566\/revisions"}],"predecessor-version":[{"id":1569,"href":"https:\/\/janina.es\/es\/wp-json\/wp\/v2\/pages\/1566\/revisions\/1569"}],"wp:featuredmedia":[{"embeddable":true,"href":"https:\/\/janina.es\/es\/wp-json\/wp\/v2\/media\/1170"}],"wp:attachment":[{"href":"https:\/\/janina.es\/es\/wp-json\/wp\/v2\/media?parent=1566"}],"curies":[{"name":"wp","href":"https:\/\/api.w.org\/{rel}","templated":true}]}}