{"id":621,"date":"2025-04-03T18:16:08","date_gmt":"2025-04-03T16:16:08","guid":{"rendered":"https:\/\/janina.es\/politica-de-privacidad\/"},"modified":"2025-05-26T09:46:21","modified_gmt":"2025-05-26T07:46:21","slug":"politica-de-privacidad","status":"publish","type":"page","link":"https:\/\/janina.es\/es\/politica-de-privacidad\/","title":{"rendered":"Pol\u00edtica de privacidad"},"content":{"rendered":"\t\t<div data-elementor-type=\"wp-page\" data-elementor-id=\"621\" class=\"elementor elementor-621 elementor-3\" data-elementor-post-type=\"page\">\n\t\t\t\t\t\t<section class=\"elementor-section elementor-top-section elementor-element elementor-element-20ed3105 elementor-section-boxed elementor-section-height-default elementor-section-height-default\" data-id=\"20ed3105\" data-element_type=\"section\" data-e-type=\"section\">\n\t\t\t\t\t\t<div class=\"elementor-container elementor-column-gap-default\">\n\t\t\t\t\t<div class=\"elementor-column elementor-col-100 elementor-top-column elementor-element elementor-element-24e2f1ce\" data-id=\"24e2f1ce\" data-element_type=\"column\" data-e-type=\"column\">\n\t\t\t<div class=\"elementor-widget-wrap elementor-element-populated\">\n\t\t\t\t\t\t<div class=\"elementor-element elementor-element-7f770af2 elementor-widget elementor-widget-spacer\" data-id=\"7f770af2\" data-element_type=\"widget\" data-e-type=\"widget\" data-widget_type=\"spacer.default\">\n\t\t\t\t<div class=\"elementor-widget-container\">\n\t\t\t\t\t\t\t<div class=\"elementor-spacer\">\n\t\t\t<div class=\"elementor-spacer-inner\"><\/div>\n\t\t<\/div>\n\t\t\t\t\t\t<\/div>\n\t\t\t\t<\/div>\n\t\t\t\t<div class=\"elementor-element elementor-element-1988d383 elementor-widget elementor-widget-heading\" data-id=\"1988d383\" data-element_type=\"widget\" data-e-type=\"widget\" data-widget_type=\"heading.default\">\n\t\t\t\t<div class=\"elementor-widget-container\">\n\t\t\t\t\t<h2 class=\"elementor-heading-title elementor-size-default\">Pol\u00edtica de Privacidad<\/h2>\t\t\t\t<\/div>\n\t\t\t\t<\/div>\n\t\t\t\t<div class=\"elementor-element elementor-element-442cf8b elementor-widget elementor-widget-text-editor\" data-id=\"442cf8b\" data-element_type=\"widget\" data-e-type=\"widget\" data-widget_type=\"text-editor.default\">\n\t\t\t\t<div class=\"elementor-widget-container\">\n\t\t\t\t\t\t\t\t\t<p><b>1. DATOS DEL RESPONSABLE DEL TRATAMIENTO<\/b><span class=\"Apple-converted-space\"> <\/span><\/p><p>Raz\u00f3n Social: SERGI SERRAT URBANO (en adelante el \u201cResponsable\u201d).<br> NIF: 45544604G<br> Domicilio: C\/ RAVAL N\u00ba28 \u2013 17300 \u2013 BLANES \u2013 GIRONA<br> Tel\u00e9fono: 972355946<br> Email para comunicaciones en materia de Protecci\u00f3n de datos: janinabotiga@gmail.com<\/p><p><b>1.1. Normativa aplicable<\/b><span class=\"Apple-converted-space\"> <\/span><\/p><p>Nuestra Pol\u00edtica de Privacidad se ha dise\u00f1ado de acuerdo con el <b>Reglamento General de Protecci\u00f3n de Datos de la UE 2016\/679 del Parlamento Europeo<\/b> y del Consejo, de 27 de abril de 2016, relativo a la protecci\u00f3n de las personas f\u00edsicas en lo que respecta al tratamiento de datos personales ya la libre circulaci\u00f3n de estas datos y por lo que se deroga la Directiva y la Ley Org\u00e1nica 3\/2018 de 5 de diciembre, de Protecci\u00f3n de Datos de Car\u00e1cter Personal y Garant\u00eda de los Derechos Digitales.<span class=\"Apple-converted-space\"> <\/span><\/p><p>Al facilitarnos sus datos, usted declara haber le\u00eddo y conocer la presente Pol\u00edtica de Privacidad, prestando su consentimiento inequ\u00edvoco y expreso al tratamiento de sus datos personales de acuerdo a las finalidades y t\u00e9rminos aqu\u00ed expresados.<span class=\"Apple-converted-space\"> <\/span><\/p><p>La Empresa podr\u00e1 modificar la presente Pol\u00edtica de Privacidad para adaptarla a las novedades legislativas, jurisprudenciales o de interpretaci\u00f3n de la Agencia Espa\u00f1ola de Protecci\u00f3n de Datos. Estas condiciones de privacidad podr\u00e1n ser complementadas por el Aviso Legal, Pol\u00edtica de Cookies y las Condiciones Generales que, en su caso, se recojan para determinados productos o servicios, si dicho acceso supone alguna especialidad en materia de protecci\u00f3n de datos de car\u00e1cter personal. <span class=\"Apple-converted-space\"> <\/span><\/p><p><b>1.2. Nuestro Delegado de Protecci\u00f3n de Datos<\/b><b><\/b><\/p><p>LOPDMONTOLIU I SERVEIS SL, con NIF. B55261804.  <\/p><p><b>2. FINALIDAD DEL TRATAMIENTO DE LOS DATOS PERSONALES<\/b><span class=\"Apple-converted-space\"> <\/span><\/p><p>El tratamiento que realizamos de sus datos personales responde a las siguientes finalidades:<span class=\"Apple-converted-space\"> <\/span><\/p><p>\u2013 Proporcionarle informaci\u00f3n relacionada con los productos y servicios que ofrece nuestra entidad y que detallan en este sitio web.<\/p><p>\u2013 Realizar la contrataci\u00f3n de nuestros servicios mediante la aceptaci\u00f3n del correspondiente presupuesto\/pedido y\/o la firma de un contrato mercantil.<span class=\"Apple-converted-space\"> <\/span><\/p><p>\u2013 Enviar por correo electr\u00f3nico y\/o postal las noticias y novedades sobre nuestra entidad, as\u00ed como las actualizaciones de nuestro cat\u00e1logo de productos y servicios.<\/p><p><b>2.1. Plazo de Conservaci\u00f3n de sus datos<\/b><span class=\"Apple-converted-space\"> <\/span><\/p><p>Conservaremos sus datos personales desde que nos d\u00e9 su consentimiento hasta que lo revoque o bien solicite la limitaci\u00f3n del tratamiento. En tales casos, mantendremos sus datos de forma bloqueada durante los plazos legalmente exigidos. <span class=\"Apple-converted-space\"> <\/span><\/p><p><b>3. LEGITIMACI\u00d3N Y DATOS RECABADOS<\/b><span class=\"Apple-converted-space\"> <\/span><\/p><p>La legitimaci\u00f3n para el tratamiento de sus datos es el consentimiento expreso otorgado mediante un acto positivo y afirmativo (rellenar el formulario correspondiente y marcar la casilla de aceptaci\u00f3n de esta pol\u00edtica) en el momento de facilitarnos sus datos personales.<span class=\"Apple-converted-space\"> <\/span><\/p><p><b>3.1. Consentimiento para tratar sus datos<\/b><span class=\"Apple-converted-space\"> <\/span><\/p><p>Al rellenar los formularios, marcar la casilla \u201cAcepto la Pol\u00edtica de Privacidad\u201d y hacer clic para enviar las datos, o al remitir correos electr\u00f3nicos a la Empresa a trav\u00e9s de los cuentas habilitadas al efecto, el Usuario manifiesta haber le\u00eddo y aceptado expresamente la presente pol\u00edtica de privacidad, y otorga su consentimiento inequ\u00edvoco y expreso.<span class=\"Apple-converted-space\"> <\/span><\/p><p><b>3.2. Categor\u00edas de datos<\/b><span class=\"Apple-converted-space\"> <\/span><\/p><p>Las datos que se recaban se refieren a la categor\u00eda de datos identificativos, como pueden ser: N\u00famero y Apellidos, Tel\u00e9fono, Direcci\u00f3n Postal, Empresa, Correo electr\u00f3nico, as\u00ed como la direcci\u00f3n IP desde donde accede al formulario de recogida de datos.<\/p><p><b>4. MEDIDAS DE SEGURIDAD<\/b><span class=\"Apple-converted-space\"> <\/span><\/p><p>Dentro de nuestro compromiso puede garantizar la seguridad y confidencialidad de sus datos de car\u00e1cter personal, le informamos que se han adoptado las medidas de \u00edndole t\u00e9cnica y organizativas necesarias para garantizar la seguridad de las datos de car\u00e1cter personal y evitar su alteraci\u00f3n, p\u00e9rdida, tratamiento o acceso no autorizado, habida cuenta del estado de la tecnolog\u00eda, la naturaleza de las datos almacenados y los riesgos a que est\u00e9n expuestos. 32 del RGPD EU 679\/2016.<\/p><p><b>5. CESI\u00d3N DE DATOS<\/b><span class=\"Apple-converted-space\"> <\/span><\/p><p>No se previenen cesiones de datos ni transferencias internacionales de sus datos, a excepci\u00f3n de las autorizadas por la legislaci\u00f3n fiscal, mercantil y de telecomunicaciones as\u00ed como en aquellos casos en los que una autoridad judicial nos lo requiera.<\/p><p><b>6. DERECHOS DEL USUARIO<\/b><span class=\"Apple-converted-space\"> <\/span><\/p><p>Cualquier interesado tiene derecho a obtener confirmaci\u00f3n sobre si estamos tratando datos personales que le conciernen, o no. Las personas interesadas tienen derecho a acceder a sus datos personales, as\u00ed como a solicitar la rectificaci\u00f3n de las datos inexactas o, en su caso, solicitar su supresi\u00f3n cuando, entre otros motivos, las datos ya no sean necesarias para los fines que fueron recogidos. En determinadas circunstancias, los interesados \u200b\u200bpodr\u00e1n solicitar la limitaci\u00f3n del tratamiento de sus datos, en cuyo caso \u00fanicamente los conservaremos para el ejercicio o defensa de reclamaciones. Por motivos relacionados con su situaci\u00f3n particular, los interesados \u200b\u200bpodr\u00e1n oponerse al tratamiento de sus datos. El Responsable del archivo dejar\u00e1 de tratar las datos, salvo por motivos leg\u00edtimos imperiosos, o el ejercicio o la defensa de posibles reclamaciones.    <\/p><p>De acuerdo con la legislaci\u00f3n vigente tiene los siguientes derechos: derecho a solicitar el acceso a sus datos personales, derecho a solicitar su rectificaci\u00f3n o supresi\u00f3n, derecho a solicitar la limitaci\u00f3n del tratamiento, derecho a oponerse al tratamiento, derecho a la portabilidad de las datos y asimismo, a revocar el consentimiento otorgado. Asimismo, tiene derecho a presentar una reclamaci\u00f3n ante la Agencia Espa\u00f1ola de Protecci\u00f3n de Datos. <span class=\"Apple-converted-space\"> <\/span><\/p><p><b>6.1. \u00bfC\u00f3mo ejercitar mis derechos?<\/b><span class=\"Apple-converted-space\"> <\/span><\/p><p>Para ejercer sus derechos, debe dirigirse al responsable, solicitando el correspondiente formulario para el ejercicio del derecho elegido. Opcionalmente, puede acudir a la Autoridad de Control competente para obtener informaci\u00f3n adicional sobre sus derechos. Las datos de contacto para el ejercicio de sus derechos son el tel\u00e9fono <b>972355946<\/b> y el correo electr\u00f3nico: <b>janinabotiga@gmail.com<\/b> . Recuerde acompa\u00f1ar una copia de un documento que nos permita identificarle.   <\/p><p><b>7. CONSENTIMIENTO PARA ENV\u00cdO DE COMUNICACIONES ELECTR\u00d3NICAS<\/b><b><\/b><\/p><p>Asimismo, y de acuerdo con lo establecido en la Ley 34\/2002, de 11 de julio, de Servicios de la Sociedad de la Informaci\u00f3n y del Comercio Electr\u00f3nico, completando el formulario de recogida de datos y marcando la correspondiente casilla \u201cAcepto\u201d est\u00e1 otorgando el consentimiento expreso para enviarle a su direcci\u00f3n de correo electr\u00f3nico, tel\u00e9fono, fax u otro medio electr\u00f3nico en env\u00edo.<\/p>\t\t\t\t\t\t\t\t<\/div>\n\t\t\t\t<\/div>\n\t\t\t\t<div class=\"elementor-element elementor-element-4368e19f elementor-widget elementor-widget-spacer\" data-id=\"4368e19f\" data-element_type=\"widget\" data-e-type=\"widget\" data-widget_type=\"spacer.default\">\n\t\t\t\t<div class=\"elementor-widget-container\">\n\t\t\t\t\t\t\t<div class=\"elementor-spacer\">\n\t\t\t<div class=\"elementor-spacer-inner\"><\/div>\n\t\t<\/div>\n\t\t\t\t\t\t<\/div>\n\t\t\t\t<\/div>\n\t\t\t\t\t<\/div>\n\t\t<\/div>\n\t\t\t\t\t<\/div>\n\t\t<\/section>\n\t\t\t\t<\/div>\n\t\t","protected":false},"excerpt":{"rendered":"<p>Pol\u00edtica de Privacidad 1. DATOS DEL RESPONSABLE DEL TRATAMIENTO Raz\u00f3n Social: SERGI SERRAT URBANO (en adelante el \u201cResponsable\u201d). NIF: 45544604G Domicilio: C\/ RAVAL N\u00ba28 \u2013 17300 \u2013 BLANES \u2013 GIRONA Tel\u00e9fono: 972355946 Email para comunicaciones en materia de Protecci\u00f3n de datos: janinabotiga@gmail.com 1.1. Normativa aplicable Nuestra Pol\u00edtica de Privacidad se ha dise\u00f1ado de acuerdo con [&hellip;]<\/p>\n","protected":false},"author":1,"featured_media":1170,"parent":0,"menu_order":0,"comment_status":"closed","ping_status":"closed","template":"elementor_header_footer","meta":{"footnotes":""},"class_list":["post-621","page","type-page","status-publish","has-post-thumbnail","hentry"],"yoast_head":"<!-- This site is optimized with the Yoast SEO plugin v27.4 - https:\/\/yoast.com\/product\/yoast-seo-wordpress\/ -->\n<title>Pol\u00edtica de privacidad - Janina<\/title>\n<meta name=\"description\" content=\"Consulta la pol\u00edtica de cookies de Janina sobre el uso y gesti\u00f3n de cookies en nuestra web de productos para peluquer\u00eda y est\u00e9tica.\" \/>\n<meta name=\"robots\" content=\"index, follow, max-snippet:-1, max-image-preview:large, max-video-preview:-1\" \/>\n<link rel=\"canonical\" href=\"https:\/\/janina.es\/es\/politica-de-privacidad\/\" \/>\n<meta property=\"og:locale\" content=\"es_ES\" \/>\n<meta property=\"og:type\" content=\"article\" \/>\n<meta property=\"og:title\" content=\"Pol\u00edtica de privacidad - Janina\" \/>\n<meta property=\"og:description\" content=\"Consulta la pol\u00edtica de cookies de Janina sobre el uso y gesti\u00f3n de cookies en nuestra web de productos para peluquer\u00eda y est\u00e9tica.\" \/>\n<meta property=\"og:url\" content=\"https:\/\/janina.es\/es\/politica-de-privacidad\/\" \/>\n<meta property=\"og:site_name\" content=\"Janina\" \/>\n<meta property=\"article:modified_time\" content=\"2025-05-26T07:46:21+00:00\" \/>\n<meta property=\"og:image\" content=\"https:\/\/janina.es\/wp-content\/uploads\/2025\/05\/janina-favicon.webp\" \/>\n\t<meta property=\"og:image:width\" content=\"347\" \/>\n\t<meta property=\"og:image:height\" content=\"347\" \/>\n\t<meta property=\"og:image:type\" content=\"image\/webp\" \/>\n<meta name=\"twitter:card\" content=\"summary_large_image\" \/>\n<meta name=\"twitter:label1\" content=\"Tiempo de lectura\" \/>\n\t<meta name=\"twitter:data1\" content=\"5 minutos\" \/>\n<script type=\"application\/ld+json\" class=\"yoast-schema-graph\">{\"@context\":\"https:\\\/\\\/schema.org\",\"@graph\":[{\"@type\":\"WebPage\",\"@id\":\"https:\\\/\\\/janina.es\\\/es\\\/politica-de-privacidad\\\/\",\"url\":\"https:\\\/\\\/janina.es\\\/es\\\/politica-de-privacidad\\\/\",\"name\":\"Pol\u00edtica de privacidad - Janina\",\"isPartOf\":{\"@id\":\"https:\\\/\\\/janina.es\\\/es\\\/#website\"},\"primaryImageOfPage\":{\"@id\":\"https:\\\/\\\/janina.es\\\/es\\\/politica-de-privacidad\\\/#primaryimage\"},\"image\":{\"@id\":\"https:\\\/\\\/janina.es\\\/es\\\/politica-de-privacidad\\\/#primaryimage\"},\"thumbnailUrl\":\"https:\\\/\\\/janina.es\\\/wp-content\\\/uploads\\\/2025\\\/05\\\/janina-favicon.webp\",\"datePublished\":\"2025-04-03T16:16:08+00:00\",\"dateModified\":\"2025-05-26T07:46:21+00:00\",\"description\":\"Consulta la pol\u00edtica de cookies de Janina sobre el uso y gesti\u00f3n de cookies en nuestra web de productos para peluquer\u00eda y est\u00e9tica.\",\"breadcrumb\":{\"@id\":\"https:\\\/\\\/janina.es\\\/es\\\/politica-de-privacidad\\\/#breadcrumb\"},\"inLanguage\":\"es\",\"potentialAction\":[{\"@type\":\"ReadAction\",\"target\":[\"https:\\\/\\\/janina.es\\\/es\\\/politica-de-privacidad\\\/\"]}]},{\"@type\":\"ImageObject\",\"inLanguage\":\"es\",\"@id\":\"https:\\\/\\\/janina.es\\\/es\\\/politica-de-privacidad\\\/#primaryimage\",\"url\":\"https:\\\/\\\/janina.es\\\/wp-content\\\/uploads\\\/2025\\\/05\\\/janina-favicon.webp\",\"contentUrl\":\"https:\\\/\\\/janina.es\\\/wp-content\\\/uploads\\\/2025\\\/05\\\/janina-favicon.webp\",\"width\":347,\"height\":347},{\"@type\":\"BreadcrumbList\",\"@id\":\"https:\\\/\\\/janina.es\\\/es\\\/politica-de-privacidad\\\/#breadcrumb\",\"itemListElement\":[{\"@type\":\"ListItem\",\"position\":1,\"name\":\"Inici\",\"item\":\"https:\\\/\\\/janina.es\\\/es\\\/n-estudio\\\/\"},{\"@type\":\"ListItem\",\"position\":2,\"name\":\"Pol\u00edtica de privacidad\"}]},{\"@type\":\"WebSite\",\"@id\":\"https:\\\/\\\/janina.es\\\/es\\\/#website\",\"url\":\"https:\\\/\\\/janina.es\\\/es\\\/\",\"name\":\"Janina\",\"description\":\"Productes per a perruqueria, barberia i mobiliari de sal\u00f3\",\"publisher\":{\"@id\":\"https:\\\/\\\/janina.es\\\/es\\\/#organization\"},\"potentialAction\":[{\"@type\":\"SearchAction\",\"target\":{\"@type\":\"EntryPoint\",\"urlTemplate\":\"https:\\\/\\\/janina.es\\\/es\\\/?s={search_term_string}\"},\"query-input\":{\"@type\":\"PropertyValueSpecification\",\"valueRequired\":true,\"valueName\":\"search_term_string\"}}],\"inLanguage\":\"es\"},{\"@type\":\"Organization\",\"@id\":\"https:\\\/\\\/janina.es\\\/es\\\/#organization\",\"name\":\"Janina\",\"url\":\"https:\\\/\\\/janina.es\\\/es\\\/\",\"logo\":{\"@type\":\"ImageObject\",\"inLanguage\":\"es\",\"@id\":\"https:\\\/\\\/janina.es\\\/es\\\/#\\\/schema\\\/logo\\\/image\\\/\",\"url\":\"https:\\\/\\\/janina.es\\\/wp-content\\\/uploads\\\/2025\\\/04\\\/janina-logo-white.webp\",\"contentUrl\":\"https:\\\/\\\/janina.es\\\/wp-content\\\/uploads\\\/2025\\\/04\\\/janina-logo-white.webp\",\"width\":532,\"height\":169,\"caption\":\"Janina\"},\"image\":{\"@id\":\"https:\\\/\\\/janina.es\\\/es\\\/#\\\/schema\\\/logo\\\/image\\\/\"}}]}<\/script>\n<!-- \/ Yoast SEO plugin. -->","yoast_head_json":{"title":"Pol\u00edtica de privacidad - Janina","description":"Consulta la pol\u00edtica de cookies de Janina sobre el uso y gesti\u00f3n de cookies en nuestra web de productos para peluquer\u00eda y est\u00e9tica.","robots":{"index":"index","follow":"follow","max-snippet":"max-snippet:-1","max-image-preview":"max-image-preview:large","max-video-preview":"max-video-preview:-1"},"canonical":"https:\/\/janina.es\/es\/politica-de-privacidad\/","og_locale":"es_ES","og_type":"article","og_title":"Pol\u00edtica de privacidad - Janina","og_description":"Consulta la pol\u00edtica de cookies de Janina sobre el uso y gesti\u00f3n de cookies en nuestra web de productos para peluquer\u00eda y est\u00e9tica.","og_url":"https:\/\/janina.es\/es\/politica-de-privacidad\/","og_site_name":"Janina","article_modified_time":"2025-05-26T07:46:21+00:00","og_image":[{"width":347,"height":347,"url":"https:\/\/janina.es\/wp-content\/uploads\/2025\/05\/janina-favicon.webp","type":"image\/webp"}],"twitter_card":"summary_large_image","twitter_misc":{"Tiempo de lectura":"5 minutos"},"schema":{"@context":"https:\/\/schema.org","@graph":[{"@type":"WebPage","@id":"https:\/\/janina.es\/es\/politica-de-privacidad\/","url":"https:\/\/janina.es\/es\/politica-de-privacidad\/","name":"Pol\u00edtica de privacidad - Janina","isPartOf":{"@id":"https:\/\/janina.es\/es\/#website"},"primaryImageOfPage":{"@id":"https:\/\/janina.es\/es\/politica-de-privacidad\/#primaryimage"},"image":{"@id":"https:\/\/janina.es\/es\/politica-de-privacidad\/#primaryimage"},"thumbnailUrl":"https:\/\/janina.es\/wp-content\/uploads\/2025\/05\/janina-favicon.webp","datePublished":"2025-04-03T16:16:08+00:00","dateModified":"2025-05-26T07:46:21+00:00","description":"Consulta la pol\u00edtica de cookies de Janina sobre el uso y gesti\u00f3n de cookies en nuestra web de productos para peluquer\u00eda y est\u00e9tica.","breadcrumb":{"@id":"https:\/\/janina.es\/es\/politica-de-privacidad\/#breadcrumb"},"inLanguage":"es","potentialAction":[{"@type":"ReadAction","target":["https:\/\/janina.es\/es\/politica-de-privacidad\/"]}]},{"@type":"ImageObject","inLanguage":"es","@id":"https:\/\/janina.es\/es\/politica-de-privacidad\/#primaryimage","url":"https:\/\/janina.es\/wp-content\/uploads\/2025\/05\/janina-favicon.webp","contentUrl":"https:\/\/janina.es\/wp-content\/uploads\/2025\/05\/janina-favicon.webp","width":347,"height":347},{"@type":"BreadcrumbList","@id":"https:\/\/janina.es\/es\/politica-de-privacidad\/#breadcrumb","itemListElement":[{"@type":"ListItem","position":1,"name":"Inici","item":"https:\/\/janina.es\/es\/n-estudio\/"},{"@type":"ListItem","position":2,"name":"Pol\u00edtica de privacidad"}]},{"@type":"WebSite","@id":"https:\/\/janina.es\/es\/#website","url":"https:\/\/janina.es\/es\/","name":"Janina","description":"Productes per a perruqueria, barberia i mobiliari de sal\u00f3","publisher":{"@id":"https:\/\/janina.es\/es\/#organization"},"potentialAction":[{"@type":"SearchAction","target":{"@type":"EntryPoint","urlTemplate":"https:\/\/janina.es\/es\/?s={search_term_string}"},"query-input":{"@type":"PropertyValueSpecification","valueRequired":true,"valueName":"search_term_string"}}],"inLanguage":"es"},{"@type":"Organization","@id":"https:\/\/janina.es\/es\/#organization","name":"Janina","url":"https:\/\/janina.es\/es\/","logo":{"@type":"ImageObject","inLanguage":"es","@id":"https:\/\/janina.es\/es\/#\/schema\/logo\/image\/","url":"https:\/\/janina.es\/wp-content\/uploads\/2025\/04\/janina-logo-white.webp","contentUrl":"https:\/\/janina.es\/wp-content\/uploads\/2025\/04\/janina-logo-white.webp","width":532,"height":169,"caption":"Janina"},"image":{"@id":"https:\/\/janina.es\/es\/#\/schema\/logo\/image\/"}}]}},"_links":{"self":[{"href":"https:\/\/janina.es\/es\/wp-json\/wp\/v2\/pages\/621","targetHints":{"allow":["GET"]}}],"collection":[{"href":"https:\/\/janina.es\/es\/wp-json\/wp\/v2\/pages"}],"about":[{"href":"https:\/\/janina.es\/es\/wp-json\/wp\/v2\/types\/page"}],"author":[{"embeddable":true,"href":"https:\/\/janina.es\/es\/wp-json\/wp\/v2\/users\/1"}],"replies":[{"embeddable":true,"href":"https:\/\/janina.es\/es\/wp-json\/wp\/v2\/comments?post=621"}],"version-history":[{"count":6,"href":"https:\/\/janina.es\/es\/wp-json\/wp\/v2\/pages\/621\/revisions"}],"predecessor-version":[{"id":1769,"href":"https:\/\/janina.es\/es\/wp-json\/wp\/v2\/pages\/621\/revisions\/1769"}],"wp:featuredmedia":[{"embeddable":true,"href":"https:\/\/janina.es\/es\/wp-json\/wp\/v2\/media\/1170"}],"wp:attachment":[{"href":"https:\/\/janina.es\/es\/wp-json\/wp\/v2\/media?parent=621"}],"curies":[{"name":"wp","href":"https:\/\/api.w.org\/{rel}","templated":true}]}}