{"id":630,"date":"2025-04-11T12:03:00","date_gmt":"2025-04-11T10:03:00","guid":{"rendered":"https:\/\/janina.es\/politica-de-cookies\/"},"modified":"2025-05-26T09:44:18","modified_gmt":"2025-05-26T07:44:18","slug":"politica-de-cookies","status":"publish","type":"page","link":"https:\/\/janina.es\/es\/politica-de-cookies\/","title":{"rendered":"Pol\u00edtica de cookies"},"content":{"rendered":"\t\t<div data-elementor-type=\"wp-page\" data-elementor-id=\"630\" class=\"elementor elementor-630 elementor-335\" data-elementor-post-type=\"page\">\n\t\t\t\t\t\t<section class=\"elementor-section elementor-top-section elementor-element elementor-element-923fef8 elementor-section-boxed elementor-section-height-default elementor-section-height-default\" data-id=\"923fef8\" data-element_type=\"section\" data-e-type=\"section\">\n\t\t\t\t\t\t<div class=\"elementor-container elementor-column-gap-default\">\n\t\t\t\t\t<div class=\"elementor-column elementor-col-100 elementor-top-column elementor-element elementor-element-75cc020\" data-id=\"75cc020\" data-element_type=\"column\" data-e-type=\"column\">\n\t\t\t<div class=\"elementor-widget-wrap elementor-element-populated\">\n\t\t\t\t\t\t<div class=\"elementor-element elementor-element-0e75f64 elementor-widget elementor-widget-spacer\" data-id=\"0e75f64\" data-element_type=\"widget\" data-e-type=\"widget\" data-widget_type=\"spacer.default\">\n\t\t\t\t<div class=\"elementor-widget-container\">\n\t\t\t\t\t\t\t<div class=\"elementor-spacer\">\n\t\t\t<div class=\"elementor-spacer-inner\"><\/div>\n\t\t<\/div>\n\t\t\t\t\t\t<\/div>\n\t\t\t\t<\/div>\n\t\t\t\t<div class=\"elementor-element elementor-element-a11801f elementor-widget elementor-widget-heading\" data-id=\"a11801f\" data-element_type=\"widget\" data-e-type=\"widget\" data-widget_type=\"heading.default\">\n\t\t\t\t<div class=\"elementor-widget-container\">\n\t\t\t\t\t<h2 class=\"elementor-heading-title elementor-size-default\">Pol\u00edtica de Cookies<\/h2>\t\t\t\t<\/div>\n\t\t\t\t<\/div>\n\t\t\t\t<div class=\"elementor-element elementor-element-e40bb84 elementor-widget elementor-widget-text-editor\" data-id=\"e40bb84\" data-element_type=\"widget\" data-e-type=\"widget\" data-widget_type=\"text-editor.default\">\n\t\t\t\t<div class=\"elementor-widget-container\">\n\t\t\t\t\t\t\t\t\t<p class=\"p1\"> <\/p><p><b>1.- ANTECEDENTES<\/b><\/p><p>De conformidad con la normativa espa\u00f1ola que regula el uso de cookies en relaci\u00f3n a la prestaci\u00f3n de servicios de comunicaciones electr\u00f3nicas, recogida en el art\u00edculo 22.2 de la Ley 34\/2002, de 11 de julio, de servicios de la sociedad de la informaci\u00f3n y de comercio electr\u00f3nico, le informamos sobre las cookies utilizadas en el sitio web de <b>SERGI SERRAT URBANO (JANINA)<span class=\"Apple-converted-space\"> <\/span><\/b>y el motivo de su uso.<\/p><p><b>2.- \u00bfQUE SON LAS COOKIES?<\/b><\/p><p>Una cookie es un archivo que se descarga en su ordenador al acceder a determinadas p\u00e1ginas web. Las cookies permiten a una p\u00e1gina web, entre otras cosas, almacenar y recuperar informaci\u00f3n sobre los h\u00e1bitos de navegaci\u00f3n de un usuario o de su equipo y, dependiendo de la informaci\u00f3n que contengan y de la forma en que utilice su equipo, pueden utilizarse para reconocer al usuario. Las cookies se asocian \u00fanicamente a un usuario an\u00f3nimo y su ordenador o dispositivo y no proporcionan referencias que permitan conocer sus datos personales.  <span class=\"Apple-converted-space\"> <\/span><\/p><p><b>3.- TIPOS DE COOKIES<\/b><\/p><p><b>3.1.- Seg\u00fan la entidad que las gestiona<\/b><\/p><p>a.- <b>Cookies propias<\/b> : Son aquellas que se env\u00edan al equipo terminal del usuario desde un equipo o dominio gestionado por el propio editor y desde el que se presta el servicio solicitado por el usuario.<\/p><p>b.- <b>Cookies de terceros<\/b> : Son aquellas que se env\u00edan al equipo terminal del usuario desde un equipo o dominio que no es gestionado por el editor, sino por otra entidad que trata las datos obtenidas a trav\u00e9s de las cookies.<\/p><p><b>3.2.- Seg\u00fan la finalidad<\/b><b><\/b><\/p><p>Existen muchas finalidades para el uso de las cookies. Seg\u00fan la finalidad para la que se traten las datos obtenidas a trav\u00e9s de las cookies, algunas de las finalidades pueden ser: <\/p><p><b>a) Cookies t\u00e9cnicas:<\/b>  son aquellas que permiten al usuario la navegaci\u00f3n a trav\u00e9s de una p\u00e1gina web, plataforma o aplicaci\u00f3n y la utilizaci\u00f3n de las diferentes opciones o servicios que en ella existan, incluyendo aquellas que el editor utiliza para permitir la gesti\u00f3n y operativa de la p\u00e1gina web y habilitar sus funciones y servicios, como, por ejemplo, controlar el tr\u00e1fico y la comunicaci\u00f3n de datos, identificar la sesi\u00f3n, acceder a partes de acceso restringido, recordar los elementos el pago, controlar el fraude vinculado a la seguridad del servicio, realizar la solicitud de inscripci\u00f3n o participaci\u00f3n en un evento, contar visitas a efectos de la facturaci\u00f3n de licencias del software con el que funciona el servicio (sitio web,<span class=\"Apple-converted-space\">  <\/span>plataforma o aplicaci\u00f3n), utilizar elementos de seguridad durante la navegaci\u00f3n, almacenar contenidos para la difusi\u00f3n de v\u00eddeos o sonido, habilitar contenidos din\u00e1micos (por ejemplo, animaci\u00f3n de carga de un texto o imagen) o compartir contenidos a trav\u00e9s de red sociales.<\/p><p>Las cookies t\u00e9cnicas estar\u00e1n exceptuadas del cumplimiento de las obligaciones establecidas en el art\u00edculo 22.2 de la LSSI cuando permitan prestar el servicio solicitado por el usuario, como ocurre en el caso de las cookies enumeradas en los p\u00e1rrafos anteriores. Sin embargo, si estas cookies se utilizan tambi\u00e9n para finalidades no exentas (por ejemplo, para fines publicitarios comportamentales), quedaran sujetas a dichas obligaciones. <\/p><p><b>b) Cookies de preferencias o personalizaci\u00f3n<\/b> : son aquellas que permiten recordar informaci\u00f3n para que el usuario acceda al servicio con determinadas caracter\u00edsticas que pueden diferenciar su experiencia de la de otros usuarios, como, por ejemplo, el idioma, el n\u00famero de resultados a mostrar cuando el usuario realiza una b\u00fasqueda, el aspecto o contenido del servicio en funci\u00f3n del tipo de navegador a trav\u00e9s del cual el usuario accede al servicio o de la regi\u00f3n desde.<\/p><p>Si es el propio usuario quien elige estas caracter\u00edsticas (por ejemplo, si selecciona el idioma de un sitio web clicando en el icono de la bandera del pa\u00eds correspondiente), las cookies estar\u00e1n exceptuadas de las obligaciones del art\u00edculo 22.2 de la LSSI puede considerarse un servicio expresamente solicitado por el usuario, y eso siempre y cuando las cookies obedezcan exclusivamente a la finalidad seleccionada.<\/p><p><b>c) Cookies de an\u00e1lisis o medici\u00f3n:<\/b> son aquellas que permiten al responsable de las mismas el seguimiento y an\u00e1lisis del comportamiento de los usuarios de los sitios web a los que est\u00e1n vinculadas, incluida la cuantificaci\u00f3n de los impactos de los anuncios. La informaci\u00f3n recogida mediante este tipo de cookies se utiliza en la medici\u00f3n de la actividad de los sitios web, aplicaci\u00f3n o plataforma, a fin de introducir mejoras en funci\u00f3n de la an\u00e1lisis de las datos de uso que hacen los usuarios del servicio. <\/p><p><b>d) Cookies de publicidad comportamental:<\/b> son aquellas que almacenan informaci\u00f3n del comportamiento de los usuarios obtenida a trav\u00e9s de la observaci\u00f3n continuada de sus h\u00e1bitos de navegaci\u00f3n, lo que permite desarrollar un perfil espec\u00edfico para mostrar publicidad en funci\u00f3n del mismo.<\/p><p><b>3.3.- Seg\u00fan el plazo de tiempo que permanecen activadas<\/b><\/p><p><b>a) Cookies de sesi\u00f3n:<\/b> son aquellas dise\u00f1adas para recabar y almacenar datos mientras el usuario accede a una p\u00e1gina web. Se suelen emplear para almacenar informaci\u00f3n que s\u00f3lo interesa conservar para la prestaci\u00f3n del servicio solicitado por el usuario en una sola ocasi\u00f3n (por ejemplo, una lista de productos adquiridos) y desaparecen al terminar la sesi\u00f3n. <\/p><p><b>b) Cookies persistentes:<\/b> son aquellas en las que las datos sean almacenadas en el terminal y pueden ser accedidas y tratadas durante un per\u00edodo definido por el responsable de la cookie, y que puede ir de unos minutos a varios a\u00f1os.<span class=\"Apple-converted-space\"> <\/span><\/p><p><b>4.- LISTADO DE COOKIES UTILIZADAS POR ESTE SITIO WEB<\/b><\/p><p>La utilizaci\u00f3n de las cookies ofrece ventajas en la prestaci\u00f3n de servicios dentro de lo que se conoce como la sociedad de la informaci\u00f3n, puesto que facilita al usuario la navegaci\u00f3n y el acceso a los diferentes servicios que ofrece este sitio web; evita al usuario tener que configurar las caracter\u00edsticas generales predefinidas cada vez que acceda al sitio web; favorece la mejora del funcionamiento y de los servicios prestados a trav\u00e9s de este sitio web, tras la correspondiente an\u00e1lisis de la informaci\u00f3n obtenida a trav\u00e9s de las cookies instaladas.<\/p><p>En concreto este sitio web utiliza las siguientes cookies:<\/p><table cellspacing=\"0\" cellpadding=\"0\"><tbody><tr><td valign=\"middle\"><p><b>N\u00famero<\/b><b><\/b><\/p><\/td><td valign=\"top\"><p><b>Entidad<span class=\"Apple-converted-space\"> <\/span><\/b><b><\/b><\/p><\/td><td valign=\"middle\"><p><b>Caducidad<\/b><b><\/b><\/p><\/td><td valign=\"middle\"><p><b>Finalidad<\/b><b><\/b><\/p><\/td><\/tr><tr><td valign=\"top\"> <\/td><td valign=\"top\"><p><span class=\"Apple-converted-space\"> <\/span><\/p><\/td><td valign=\"top\"> <\/td><td valign=\"top\"> <\/td><\/tr><tr><td valign=\"top\"> <\/td><td valign=\"top\"> <\/td><td valign=\"top\"> <\/td><td valign=\"top\"> <\/td><\/tr><tr><td valign=\"top\"> <\/td><td valign=\"top\"> <\/td><td valign=\"top\"> <\/td><td valign=\"top\"> <\/td><\/tr><\/tbody><\/table><p><b><br><\/b><b>5.- REVOCACI\u00d3N Y ELIMINACI\u00d3N DE COOKIES<\/b><\/p><p>En todo momento podr\u00e1 acceder a la configuraci\u00f3n de su navegador aceptando o rechazando todas las cookies, o bien seleccionar aquellas cuya instalaci\u00f3n admita y cu\u00e1les no, siguiendo los procedimientos propios del navegador que utilice.<\/p><p><b><br>6.- TERCEROS PRESTADORAS DE SERVICIOS<\/b><\/p><p>Los terceros prestadores de servicios con los que hemos contratado alg\u00fan servicio para lo que es necesario la utilizaci\u00f3n de cookies son los que se listan a continuaci\u00f3n:<\/p><table cellspacing=\"0\" cellpadding=\"0\"><tbody><tr><td valign=\"middle\"><p><b>Proveedor<\/b><b><\/b><\/p><\/td><td valign=\"top\"><p><b>Finalidad del Servicio y de la Cookie<\/b><b><\/b><\/p><\/td><td valign=\"middle\"><p><b>Informaci\u00f3n del Proveedor<\/b><b><\/b><\/p><\/td><\/tr><tr><td valign=\"top\"><p>GOOGLE Inc.<\/p><\/td><td valign=\"top\"><p><span class=\"Apple-converted-space\"> <\/span>An\u00e1lisis estad\u00edstico del sitio web a nivel de contabilizaci\u00f3n de visitantes, p\u00e1ginas visitadas, palabras clave utilizadas y similares<\/p><\/td><td valign=\"top\"><p>http:\/\/www.google.es\/intl\/es\/policies\/privacy\/<\/p><\/td><\/tr><\/tbody><\/table><p> <\/p>\t\t\t\t\t\t\t\t<\/div>\n\t\t\t\t<\/div>\n\t\t\t\t<div class=\"elementor-element elementor-element-407ba6d elementor-widget elementor-widget-spacer\" data-id=\"407ba6d\" data-element_type=\"widget\" data-e-type=\"widget\" data-widget_type=\"spacer.default\">\n\t\t\t\t<div class=\"elementor-widget-container\">\n\t\t\t\t\t\t\t<div class=\"elementor-spacer\">\n\t\t\t<div class=\"elementor-spacer-inner\"><\/div>\n\t\t<\/div>\n\t\t\t\t\t\t<\/div>\n\t\t\t\t<\/div>\n\t\t\t\t\t<\/div>\n\t\t<\/div>\n\t\t\t\t\t<\/div>\n\t\t<\/section>\n\t\t\t\t<\/div>\n\t\t","protected":false},"excerpt":{"rendered":"<p>Pol\u00edtica de Cookies 1.- ANTECEDENTES De conformidad con la normativa espa\u00f1ola que regula el uso de cookies en relaci\u00f3n a la prestaci\u00f3n de servicios de comunicaciones electr\u00f3nicas, recogida en el art\u00edculo 22.2 de la Ley 34\/2002, de 11 de julio, de servicios de la sociedad de la informaci\u00f3n y de comercio electr\u00f3nico, le informamos sobre [&hellip;]<\/p>\n","protected":false},"author":1,"featured_media":1170,"parent":0,"menu_order":0,"comment_status":"closed","ping_status":"closed","template":"elementor_header_footer","meta":{"footnotes":""},"class_list":["post-630","page","type-page","status-publish","has-post-thumbnail","hentry"],"yoast_head":"<!-- This site is optimized with the Yoast SEO plugin v27.4 - https:\/\/yoast.com\/product\/yoast-seo-wordpress\/ -->\n<title>Pol\u00edtica de cookies - Janina<\/title>\n<meta name=\"description\" content=\"Consulta la pol\u00edtica de cookies de Janina sobre el uso y gesti\u00f3n de cookies en nuestra web de productos para peluquer\u00eda y est\u00e9tica.\" \/>\n<meta name=\"robots\" content=\"index, follow, max-snippet:-1, max-image-preview:large, max-video-preview:-1\" \/>\n<link rel=\"canonical\" href=\"https:\/\/janina.es\/es\/politica-de-cookies\/\" \/>\n<meta property=\"og:locale\" content=\"es_ES\" \/>\n<meta property=\"og:type\" content=\"article\" \/>\n<meta property=\"og:title\" content=\"Pol\u00edtica de cookies - Janina\" \/>\n<meta property=\"og:description\" content=\"Consulta la pol\u00edtica de cookies de Janina sobre el uso y gesti\u00f3n de cookies en nuestra web de productos para peluquer\u00eda y est\u00e9tica.\" \/>\n<meta property=\"og:url\" content=\"https:\/\/janina.es\/es\/politica-de-cookies\/\" \/>\n<meta property=\"og:site_name\" content=\"Janina\" \/>\n<meta property=\"article:modified_time\" content=\"2025-05-26T07:44:18+00:00\" \/>\n<meta property=\"og:image\" content=\"https:\/\/janina.es\/wp-content\/uploads\/2025\/05\/janina-favicon.webp\" \/>\n\t<meta property=\"og:image:width\" content=\"347\" \/>\n\t<meta property=\"og:image:height\" content=\"347\" \/>\n\t<meta property=\"og:image:type\" content=\"image\/webp\" \/>\n<meta name=\"twitter:card\" content=\"summary_large_image\" \/>\n<meta name=\"twitter:label1\" content=\"Tiempo de lectura\" \/>\n\t<meta name=\"twitter:data1\" content=\"6 minutos\" \/>\n<script type=\"application\/ld+json\" class=\"yoast-schema-graph\">{\"@context\":\"https:\\\/\\\/schema.org\",\"@graph\":[{\"@type\":\"WebPage\",\"@id\":\"https:\\\/\\\/janina.es\\\/es\\\/politica-de-cookies\\\/\",\"url\":\"https:\\\/\\\/janina.es\\\/es\\\/politica-de-cookies\\\/\",\"name\":\"Pol\u00edtica de cookies - Janina\",\"isPartOf\":{\"@id\":\"https:\\\/\\\/janina.es\\\/es\\\/#website\"},\"primaryImageOfPage\":{\"@id\":\"https:\\\/\\\/janina.es\\\/es\\\/politica-de-cookies\\\/#primaryimage\"},\"image\":{\"@id\":\"https:\\\/\\\/janina.es\\\/es\\\/politica-de-cookies\\\/#primaryimage\"},\"thumbnailUrl\":\"https:\\\/\\\/janina.es\\\/wp-content\\\/uploads\\\/2025\\\/05\\\/janina-favicon.webp\",\"datePublished\":\"2025-04-11T10:03:00+00:00\",\"dateModified\":\"2025-05-26T07:44:18+00:00\",\"description\":\"Consulta la pol\u00edtica de cookies de Janina sobre el uso y gesti\u00f3n de cookies en nuestra web de productos para peluquer\u00eda y est\u00e9tica.\",\"breadcrumb\":{\"@id\":\"https:\\\/\\\/janina.es\\\/es\\\/politica-de-cookies\\\/#breadcrumb\"},\"inLanguage\":\"es\",\"potentialAction\":[{\"@type\":\"ReadAction\",\"target\":[\"https:\\\/\\\/janina.es\\\/es\\\/politica-de-cookies\\\/\"]}]},{\"@type\":\"ImageObject\",\"inLanguage\":\"es\",\"@id\":\"https:\\\/\\\/janina.es\\\/es\\\/politica-de-cookies\\\/#primaryimage\",\"url\":\"https:\\\/\\\/janina.es\\\/wp-content\\\/uploads\\\/2025\\\/05\\\/janina-favicon.webp\",\"contentUrl\":\"https:\\\/\\\/janina.es\\\/wp-content\\\/uploads\\\/2025\\\/05\\\/janina-favicon.webp\",\"width\":347,\"height\":347},{\"@type\":\"BreadcrumbList\",\"@id\":\"https:\\\/\\\/janina.es\\\/es\\\/politica-de-cookies\\\/#breadcrumb\",\"itemListElement\":[{\"@type\":\"ListItem\",\"position\":1,\"name\":\"Inici\",\"item\":\"https:\\\/\\\/janina.es\\\/es\\\/n-estudio\\\/\"},{\"@type\":\"ListItem\",\"position\":2,\"name\":\"Pol\u00edtica de cookies\"}]},{\"@type\":\"WebSite\",\"@id\":\"https:\\\/\\\/janina.es\\\/es\\\/#website\",\"url\":\"https:\\\/\\\/janina.es\\\/es\\\/\",\"name\":\"Janina\",\"description\":\"Productes per a perruqueria, barberia i mobiliari de sal\u00f3\",\"publisher\":{\"@id\":\"https:\\\/\\\/janina.es\\\/es\\\/#organization\"},\"potentialAction\":[{\"@type\":\"SearchAction\",\"target\":{\"@type\":\"EntryPoint\",\"urlTemplate\":\"https:\\\/\\\/janina.es\\\/es\\\/?s={search_term_string}\"},\"query-input\":{\"@type\":\"PropertyValueSpecification\",\"valueRequired\":true,\"valueName\":\"search_term_string\"}}],\"inLanguage\":\"es\"},{\"@type\":\"Organization\",\"@id\":\"https:\\\/\\\/janina.es\\\/es\\\/#organization\",\"name\":\"Janina\",\"url\":\"https:\\\/\\\/janina.es\\\/es\\\/\",\"logo\":{\"@type\":\"ImageObject\",\"inLanguage\":\"es\",\"@id\":\"https:\\\/\\\/janina.es\\\/es\\\/#\\\/schema\\\/logo\\\/image\\\/\",\"url\":\"https:\\\/\\\/janina.es\\\/wp-content\\\/uploads\\\/2025\\\/04\\\/janina-logo-white.webp\",\"contentUrl\":\"https:\\\/\\\/janina.es\\\/wp-content\\\/uploads\\\/2025\\\/04\\\/janina-logo-white.webp\",\"width\":532,\"height\":169,\"caption\":\"Janina\"},\"image\":{\"@id\":\"https:\\\/\\\/janina.es\\\/es\\\/#\\\/schema\\\/logo\\\/image\\\/\"}}]}<\/script>\n<!-- \/ Yoast SEO plugin. -->","yoast_head_json":{"title":"Pol\u00edtica de cookies - Janina","description":"Consulta la pol\u00edtica de cookies de Janina sobre el uso y gesti\u00f3n de cookies en nuestra web de productos para peluquer\u00eda y est\u00e9tica.","robots":{"index":"index","follow":"follow","max-snippet":"max-snippet:-1","max-image-preview":"max-image-preview:large","max-video-preview":"max-video-preview:-1"},"canonical":"https:\/\/janina.es\/es\/politica-de-cookies\/","og_locale":"es_ES","og_type":"article","og_title":"Pol\u00edtica de cookies - Janina","og_description":"Consulta la pol\u00edtica de cookies de Janina sobre el uso y gesti\u00f3n de cookies en nuestra web de productos para peluquer\u00eda y est\u00e9tica.","og_url":"https:\/\/janina.es\/es\/politica-de-cookies\/","og_site_name":"Janina","article_modified_time":"2025-05-26T07:44:18+00:00","og_image":[{"width":347,"height":347,"url":"https:\/\/janina.es\/wp-content\/uploads\/2025\/05\/janina-favicon.webp","type":"image\/webp"}],"twitter_card":"summary_large_image","twitter_misc":{"Tiempo de lectura":"6 minutos"},"schema":{"@context":"https:\/\/schema.org","@graph":[{"@type":"WebPage","@id":"https:\/\/janina.es\/es\/politica-de-cookies\/","url":"https:\/\/janina.es\/es\/politica-de-cookies\/","name":"Pol\u00edtica de cookies - Janina","isPartOf":{"@id":"https:\/\/janina.es\/es\/#website"},"primaryImageOfPage":{"@id":"https:\/\/janina.es\/es\/politica-de-cookies\/#primaryimage"},"image":{"@id":"https:\/\/janina.es\/es\/politica-de-cookies\/#primaryimage"},"thumbnailUrl":"https:\/\/janina.es\/wp-content\/uploads\/2025\/05\/janina-favicon.webp","datePublished":"2025-04-11T10:03:00+00:00","dateModified":"2025-05-26T07:44:18+00:00","description":"Consulta la pol\u00edtica de cookies de Janina sobre el uso y gesti\u00f3n de cookies en nuestra web de productos para peluquer\u00eda y est\u00e9tica.","breadcrumb":{"@id":"https:\/\/janina.es\/es\/politica-de-cookies\/#breadcrumb"},"inLanguage":"es","potentialAction":[{"@type":"ReadAction","target":["https:\/\/janina.es\/es\/politica-de-cookies\/"]}]},{"@type":"ImageObject","inLanguage":"es","@id":"https:\/\/janina.es\/es\/politica-de-cookies\/#primaryimage","url":"https:\/\/janina.es\/wp-content\/uploads\/2025\/05\/janina-favicon.webp","contentUrl":"https:\/\/janina.es\/wp-content\/uploads\/2025\/05\/janina-favicon.webp","width":347,"height":347},{"@type":"BreadcrumbList","@id":"https:\/\/janina.es\/es\/politica-de-cookies\/#breadcrumb","itemListElement":[{"@type":"ListItem","position":1,"name":"Inici","item":"https:\/\/janina.es\/es\/n-estudio\/"},{"@type":"ListItem","position":2,"name":"Pol\u00edtica de cookies"}]},{"@type":"WebSite","@id":"https:\/\/janina.es\/es\/#website","url":"https:\/\/janina.es\/es\/","name":"Janina","description":"Productes per a perruqueria, barberia i mobiliari de sal\u00f3","publisher":{"@id":"https:\/\/janina.es\/es\/#organization"},"potentialAction":[{"@type":"SearchAction","target":{"@type":"EntryPoint","urlTemplate":"https:\/\/janina.es\/es\/?s={search_term_string}"},"query-input":{"@type":"PropertyValueSpecification","valueRequired":true,"valueName":"search_term_string"}}],"inLanguage":"es"},{"@type":"Organization","@id":"https:\/\/janina.es\/es\/#organization","name":"Janina","url":"https:\/\/janina.es\/es\/","logo":{"@type":"ImageObject","inLanguage":"es","@id":"https:\/\/janina.es\/es\/#\/schema\/logo\/image\/","url":"https:\/\/janina.es\/wp-content\/uploads\/2025\/04\/janina-logo-white.webp","contentUrl":"https:\/\/janina.es\/wp-content\/uploads\/2025\/04\/janina-logo-white.webp","width":532,"height":169,"caption":"Janina"},"image":{"@id":"https:\/\/janina.es\/es\/#\/schema\/logo\/image\/"}}]}},"_links":{"self":[{"href":"https:\/\/janina.es\/es\/wp-json\/wp\/v2\/pages\/630","targetHints":{"allow":["GET"]}}],"collection":[{"href":"https:\/\/janina.es\/es\/wp-json\/wp\/v2\/pages"}],"about":[{"href":"https:\/\/janina.es\/es\/wp-json\/wp\/v2\/types\/page"}],"author":[{"embeddable":true,"href":"https:\/\/janina.es\/es\/wp-json\/wp\/v2\/users\/1"}],"replies":[{"embeddable":true,"href":"https:\/\/janina.es\/es\/wp-json\/wp\/v2\/comments?post=630"}],"version-history":[{"count":3,"href":"https:\/\/janina.es\/es\/wp-json\/wp\/v2\/pages\/630\/revisions"}],"predecessor-version":[{"id":1764,"href":"https:\/\/janina.es\/es\/wp-json\/wp\/v2\/pages\/630\/revisions\/1764"}],"wp:featuredmedia":[{"embeddable":true,"href":"https:\/\/janina.es\/es\/wp-json\/wp\/v2\/media\/1170"}],"wp:attachment":[{"href":"https:\/\/janina.es\/es\/wp-json\/wp\/v2\/media?parent=630"}],"curies":[{"name":"wp","href":"https:\/\/api.w.org\/{rel}","templated":true}]}}