{"id":706,"date":"2025-04-11T12:04:20","date_gmt":"2025-04-11T10:04:20","guid":{"rendered":"https:\/\/janina.es\/aviso-legal\/"},"modified":"2025-05-26T09:43:28","modified_gmt":"2025-05-26T07:43:28","slug":"aviso-legal","status":"publish","type":"page","link":"https:\/\/janina.es\/es\/aviso-legal\/","title":{"rendered":"Aviso legal"},"content":{"rendered":"\t\t<div data-elementor-type=\"wp-page\" data-elementor-id=\"706\" class=\"elementor elementor-706 elementor-341\" data-elementor-post-type=\"page\">\n\t\t\t\t\t\t<section class=\"elementor-section elementor-top-section elementor-element elementor-element-0ce4af1 elementor-section-boxed elementor-section-height-default elementor-section-height-default\" data-id=\"0ce4af1\" data-element_type=\"section\" data-e-type=\"section\">\n\t\t\t\t\t\t<div class=\"elementor-container elementor-column-gap-default\">\n\t\t\t\t\t<div class=\"elementor-column elementor-col-100 elementor-top-column elementor-element elementor-element-da86188\" data-id=\"da86188\" data-element_type=\"column\" data-e-type=\"column\">\n\t\t\t<div class=\"elementor-widget-wrap elementor-element-populated\">\n\t\t\t\t\t\t<div class=\"elementor-element elementor-element-3b56f1a elementor-widget elementor-widget-spacer\" data-id=\"3b56f1a\" data-element_type=\"widget\" data-e-type=\"widget\" data-widget_type=\"spacer.default\">\n\t\t\t\t<div class=\"elementor-widget-container\">\n\t\t\t\t\t\t\t<div class=\"elementor-spacer\">\n\t\t\t<div class=\"elementor-spacer-inner\"><\/div>\n\t\t<\/div>\n\t\t\t\t\t\t<\/div>\n\t\t\t\t<\/div>\n\t\t\t\t<div class=\"elementor-element elementor-element-84c613e elementor-widget elementor-widget-heading\" data-id=\"84c613e\" data-element_type=\"widget\" data-e-type=\"widget\" data-widget_type=\"heading.default\">\n\t\t\t\t<div class=\"elementor-widget-container\">\n\t\t\t\t\t<h2 class=\"elementor-heading-title elementor-size-default\">Aviso legal<\/h2>\t\t\t\t<\/div>\n\t\t\t\t<\/div>\n\t\t\t\t<div class=\"elementor-element elementor-element-259af3e elementor-widget elementor-widget-text-editor\" data-id=\"259af3e\" data-element_type=\"widget\" data-e-type=\"widget\" data-widget_type=\"text-editor.default\">\n\t\t\t\t<div class=\"elementor-widget-container\">\n\t\t\t\t\t\t\t\t\t<p><b>Identificaci\u00f3n del prestamista de servicios de la sociedad de la informaci\u00f3n<\/b><\/p><p>Con la finalidad de dar cumplimiento al art\u00edculo 10 de la Ley 34\/2002 de Servicios de la Sociedad de la Informaci\u00f3n y Comercio Electr\u00f3nico, informamos al Usuario de nuestras datos:<\/p><p>Sitio\/s Web: www.janina.es.<span class=\"Apple-converted-space\"> <\/span><\/p><p>Entidad: SERGI SERRAT URBANO<\/p><p>N\u00famero Comercial: JANINA<span class=\"Apple-converted-space\"> <\/span><\/p><p>Domicilio: C\/ RAVAL N\u00ba28 \u2013 17300 \u2013 BLANES \u2013 GIRONA<\/p><p>NIF: 45544604G<\/p><p>Tel\u00e9fono: 972355946<\/p><p>e-Mail: janinabotiga@gmail.com<\/p><p><b>Objeto<\/b><\/p><p><br>El prestador, responsable del sitio web, pondr\u00e1 a disposici\u00f3n de los usuarios el presente documento con el que pretende dar cumplimiento a las obligaciones dispuestas en la Ley 34\/2002, de Servicios de la Sociedad de la Informaci\u00f3n y del Comercio Electr\u00f3nico (LSSI-CE), as\u00ed como informar a todos los usuarios del sitio web respecto a cu\u00e1les son las condiciones de uso del sitio web.<\/p><p>Toda persona que acceda a este sitio web asume el papel de usuario, comprometi\u00e9ndose a la observancia y cumplimiento riguroso de las disposiciones aqu\u00ed dispuestas, as\u00ed como a cualquier otra disposici\u00f3n legal que fuera de aplicaci\u00f3n.<\/p><p>El prestamista se reserva el derecho a modificar cualquier tipo de informaci\u00f3n que pudiera aparecer en el sitio web, sino que exista obligaci\u00f3n de preavisar o poner en conocimiento de los usuarios dichas obligaciones, entendi\u00e9ndose como suficiente con la publicaci\u00f3n en el sitio web del prestamista.<\/p><p><b>Responsabilidad<\/b><\/p><p><br>El prestador se exime de cualquier tipo de responsabilidad derivada de la informaci\u00f3n publicada en su sitio web, siempre que esta informaci\u00f3n haya sido manipulada o introducida por un tercero ajeno al mismo.<\/p><p>En este sitio web es posible que haya enlaces a contenidos de terceros sitios web. Dado que el prestamista no puede controlar siempre los contenidos introducidos por los terceros en sus sitios web, \u00e9ste no asume ning\u00fan tipo de responsabilidad respecto a dichos contenidos. En todo caso, el prestamista manifiesta que proceder\u00e1 a la retirada inmediata de cualquier contenido que pudiera contravenir la legislaci\u00f3n nacional o internacional, la moral o el orden p\u00fablico, procediendo a la retirada inmediata de la redirecci\u00f3n a dicho sitio web, poniendo en conocimiento de las autoridades competentes el contenido en cuesti\u00f3n.  <\/p><p>El prestamista no se hace responsable de la informaci\u00f3n y contenidos almacenados, a t\u00edtulo enunciativo pero no limitativo, en foros, chats, generadoras de blogs, comentarios, redes sociales o cualquier otro medio que permita a terceros publicar contenidos de forma independiente en la p\u00e1gina web del prestamista.<span class=\"Apple-converted-space\"> <\/span><\/p><p>En este sitio web hemos adoptado las medidas de seguridad pertinentes para garantizar la confidencialidad, integridad y disponibilidad de la informaci\u00f3n. Utilizamos el protocolo HTTPS (SSL) para establecer un canal seguro de comunicaci\u00f3n entre el servidor y el usuario para el env\u00edo de sus datos personales. Prestar este servicio a trav\u00e9s de un servidor seguro supone garantizar la confidencialidad de la informaci\u00f3n que se intercambia entre el ordenador del usuario y dicho servidor, puesto que entre ambos se establece una conexi\u00f3n cifrada, que imposibilita el acceso de terceros a la informaci\u00f3n enviada. Este sitio web ha sido revisado y probado para que funcione correctamente. En principio, puede garantizarse su correcto funcionamiento los 365 d\u00edas del a\u00f1o, 24 horas al d\u00eda. No obstante, el prestamista no descarta la posibilidad de que existan ciertos errores de programaci\u00f3n, o que ocurran causas de fuerza mayor, cat\u00e1strofes naturales, huelgas, o circunstancias semejantes que hayan imposible el acceso a la p\u00e1gina web.     <span class=\"Apple-converted-space\"> <\/span><\/p><p><b>Propiedad Intelectual e industrial<\/b><\/p><p><br>Este sitio web, incluyendo a t\u00edtulo enunciativo pero no limitativo, su programaci\u00f3n, edici\u00f3n, compilaci\u00f3n y dem\u00e1s elementos necesarios para su funcionamiento, los dise\u00f1os, logotipos, texto y gr\u00e1ficos son propiedad del prestamista o en su caso dispone de licencia o autorizaci\u00f3n expresa por parte de los autores. Todos los contenidos del sitio web se encuentran debidamente protegidos por la normativa de propiedad intelectual e industrial, y en su caso inscritos en los registros p\u00fablicos correspondiente. <span class=\"Apple-converted-space\"> <\/span><\/p><p>Independientemente de la finalidad para la que fueran destinados, la reproducci\u00f3n total o parcial, uso, explotaci\u00f3n, distribuci\u00f3n y comercializaci\u00f3n de los contenidos de este sitio web, requiere en todo caso de la autorizaci\u00f3n escrita previa por parte del prestamista. Cualquier uso no autorizado previamente por parte del prestamista ser\u00e1 considerado un incumplimiento grave de los derechos de propiedad intelectual o industrial del autor. <\/p><p>Los dise\u00f1os, logotipos, texto y\/o gr\u00e1ficos ajenos al prestamista y que pudieran aparecer en el sitio web, pertenecen a sus respectivos propietarios, siendo ellos mismos responsables de cualquier posible controversia que pudiera suscitarse respecto a los mismos.<span class=\"Apple-converted-space\"> <\/span><\/p><p>El prestamista reconoce a favor de sus titulares los correspondiente derechos de propiedad industrial e intelectual, no implicando su sola menci\u00f3n o aparici\u00f3n en el sitio web la existencia de derechos o responsabilidad alguna del prestamista sobre los mismos, como tampoco respaldo, patrocinio o recomendaci\u00f3n por parte del mismo. Para realizar cualquier tipo de observaci\u00f3n respecto a posibles incumplimientos de los derechos de propiedad intelectual o industrial, as\u00ed como sobre cualquiera de los contenidos del sitio web, puede hacerlo a trav\u00e9s del correo electr\u00f3nico o tel\u00e9fono indicados en el apartador de identificaci\u00f3n del prestador de este aviso legal. <\/p><p><b>Veracidad de la informaci\u00f3n y menores de edad<\/b><\/p><p><br>Toda la informaci\u00f3n que facilita el Usuario debe ser veraz. A estos efectos, el Usuario garantiza la autenticidad de las datos comunicadas a trav\u00e9s de los formularios para la suscripci\u00f3n de los Servicios. Ser\u00e1 responsabilidad del Usuario mantener toda la informaci\u00f3n facilitada al prestamista, permanentemente actualizada de forma que responda, en cada momento, a su situaci\u00f3n real. En todo caso, el Usuario ser\u00e1 el \u00fanico responsable de las manifestaciones falsas o inexactas que realice y de los perjudicios que cause al prestamista oa terceros. En cuanto al uso de los servicios de este sitio web, los menores de edad deben obtener siempre previamente el consentimiento de los padres, tutoras o representantes legales, responsables \u00faltimos de todos los actos realizados por los menores a su cargo. La responsabilidad en la determinaci\u00f3n de contenidos concretos a los que acceden los menores corresponde a aquellos, es por eso que si acceden a contenidos no apropiados por Internet, se tendr\u00e1n que establecer en sus ordenadores mecanismos, en particular programas inform\u00e1ticos, filtros y bloqueos, que permitan limitar los contenidos disponibles y, a pesar de que no sean infalibles, son de especial utilidad para controlar y restringir los materiales.     <\/p><p><b>Condiciones de acceso y uso<span class=\"Apple-converted-space\"> <\/span><\/b><\/p><p><br>El acceso a este sitio web es libre y gratuito para el Usuario, quien se compromete a utilizar este sitio web de conformidad con la ley y el presente aviso legal, as\u00ed como a la moral ya las buenas costumbres. A tal efecto, el Usuario se abstendr\u00e1 de utilizar la p\u00e1gina con finalidades il\u00edcitas o prohibidas, lesivas de derechos e intereses de terceros, o que de cualquier forma puedan da\u00f1ar, inutilizar, sobrecargar, deteriorar o impedir la normal utilizaci\u00f3n de equipos inform\u00e1ticos o documentos, archivos y toda clase de contenidos almacenados en cualquier equipo inform\u00e1tico del prestamista. En particular, ya t\u00edtulo indicativo pero no exhaustivo, el Usuario se compromete a no transmitir, difundir o poner a disposici\u00f3n de terceros, informaciones, datos, contenidos, mensajes, gr\u00e1ficos, dibujos, archivos de sonido o imagen, fotograf\u00edas, grabaciones, software y, en general, cualquier clase de material que:  <\/p><p>(a) sea contraria, desprecia o atente contra los derechos fundamentales y las libertades p\u00fablicas reconocidas constitucionalmente, en tratados internacionales y otras normas vigentes;<\/p><p>(b) induzca, incite o promueva actuaciones delictivas, denigrantes, difamatorias, violentas o, en general, contrarias a la ley, a la moral y al orden p\u00fablico;<\/p><p>(c) induzca, incite o promueva actuaciones, actitudes o pensamientos discriminatorios por raz\u00f3n de sexo, raza, religi\u00f3n, creencias, edad o condici\u00f3n;<\/p><p>(d) sea contrario al derecho al honor, a la intimidad personal o familiar oa la propia imagen de las personas;<\/p><p>(e) de cualquier modo perjudique la credibilidad del prestamista o de terceros; y<\/p><p>(f) constituya publicidad il\u00edcita, enga\u00f1osa o desleal.<span class=\"Apple-converted-space\"> <\/span><\/p><p><b>Ley Aplicable y Jurisdicci\u00f3n<\/b><\/p><p><br>Para la resoluci\u00f3n de todas las controversias o cuestiones relacionadas con el presente sitio web o de las actividades en \u00e9l desarrolladas, ser\u00e1 de aplicaci\u00f3n la legislaci\u00f3n espa\u00f1ola, a la que se someten expresamente las partes, siendo competentes para la resoluci\u00f3n de todos los conflictos derivados o relacionados con su uso, los Juzgados y Tribunales del domicilio del responsable de este sitio web.<\/p>\t\t\t\t\t\t\t\t<\/div>\n\t\t\t\t<\/div>\n\t\t\t\t<div class=\"elementor-element elementor-element-984a826 elementor-widget elementor-widget-spacer\" data-id=\"984a826\" data-element_type=\"widget\" data-e-type=\"widget\" data-widget_type=\"spacer.default\">\n\t\t\t\t<div class=\"elementor-widget-container\">\n\t\t\t\t\t\t\t<div class=\"elementor-spacer\">\n\t\t\t<div class=\"elementor-spacer-inner\"><\/div>\n\t\t<\/div>\n\t\t\t\t\t\t<\/div>\n\t\t\t\t<\/div>\n\t\t\t\t\t<\/div>\n\t\t<\/div>\n\t\t\t\t\t<\/div>\n\t\t<\/section>\n\t\t\t\t<\/div>\n\t\t","protected":false},"excerpt":{"rendered":"<p>Aviso legal Identificaci\u00f3n del prestamista de servicios de la sociedad de la informaci\u00f3n Con la finalidad de dar cumplimiento al art\u00edculo 10 de la Ley 34\/2002 de Servicios de la Sociedad de la Informaci\u00f3n y Comercio Electr\u00f3nico, informamos al Usuario de nuestras datos: Sitio\/s Web: www.janina.es. Entidad: SERGI SERRAT URBANO N\u00famero Comercial: JANINA Domicilio: C\/ [&hellip;]<\/p>\n","protected":false},"author":1,"featured_media":1170,"parent":0,"menu_order":0,"comment_status":"closed","ping_status":"closed","template":"elementor_header_footer","meta":{"footnotes":""},"class_list":["post-706","page","type-page","status-publish","has-post-thumbnail","hentry"],"yoast_head":"<!-- This site is optimized with the Yoast SEO plugin v27.4 - https:\/\/yoast.com\/product\/yoast-seo-wordpress\/ -->\n<title>Aviso legal - Janina<\/title>\n<meta name=\"description\" content=\"Consulta el aviso legal de Janina, empresa especializada en distribuci\u00f3n de productos de peluquer\u00eda, barber\u00eda y belleza.\" \/>\n<meta name=\"robots\" content=\"index, follow, max-snippet:-1, max-image-preview:large, max-video-preview:-1\" \/>\n<link rel=\"canonical\" href=\"https:\/\/janina.es\/es\/aviso-legal\/\" \/>\n<meta property=\"og:locale\" content=\"es_ES\" \/>\n<meta property=\"og:type\" content=\"article\" \/>\n<meta property=\"og:title\" content=\"Aviso legal - Janina\" \/>\n<meta property=\"og:description\" content=\"Consulta el aviso legal de Janina, empresa especializada en distribuci\u00f3n de productos de peluquer\u00eda, barber\u00eda y belleza.\" \/>\n<meta property=\"og:url\" content=\"https:\/\/janina.es\/es\/aviso-legal\/\" \/>\n<meta property=\"og:site_name\" content=\"Janina\" \/>\n<meta property=\"article:modified_time\" content=\"2025-05-26T07:43:28+00:00\" \/>\n<meta property=\"og:image\" content=\"https:\/\/janina.es\/wp-content\/uploads\/2025\/05\/janina-favicon.webp\" \/>\n\t<meta property=\"og:image:width\" content=\"347\" \/>\n\t<meta property=\"og:image:height\" content=\"347\" \/>\n\t<meta property=\"og:image:type\" content=\"image\/webp\" \/>\n<meta name=\"twitter:card\" content=\"summary_large_image\" \/>\n<meta name=\"twitter:label1\" content=\"Tiempo de lectura\" \/>\n\t<meta name=\"twitter:data1\" content=\"7 minutos\" \/>\n<script type=\"application\/ld+json\" class=\"yoast-schema-graph\">{\"@context\":\"https:\\\/\\\/schema.org\",\"@graph\":[{\"@type\":\"WebPage\",\"@id\":\"https:\\\/\\\/janina.es\\\/es\\\/aviso-legal\\\/\",\"url\":\"https:\\\/\\\/janina.es\\\/es\\\/aviso-legal\\\/\",\"name\":\"Aviso legal - Janina\",\"isPartOf\":{\"@id\":\"https:\\\/\\\/janina.es\\\/es\\\/#website\"},\"primaryImageOfPage\":{\"@id\":\"https:\\\/\\\/janina.es\\\/es\\\/aviso-legal\\\/#primaryimage\"},\"image\":{\"@id\":\"https:\\\/\\\/janina.es\\\/es\\\/aviso-legal\\\/#primaryimage\"},\"thumbnailUrl\":\"https:\\\/\\\/janina.es\\\/wp-content\\\/uploads\\\/2025\\\/05\\\/janina-favicon.webp\",\"datePublished\":\"2025-04-11T10:04:20+00:00\",\"dateModified\":\"2025-05-26T07:43:28+00:00\",\"description\":\"Consulta el aviso legal de Janina, empresa especializada en distribuci\u00f3n de productos de peluquer\u00eda, barber\u00eda y belleza.\",\"breadcrumb\":{\"@id\":\"https:\\\/\\\/janina.es\\\/es\\\/aviso-legal\\\/#breadcrumb\"},\"inLanguage\":\"es\",\"potentialAction\":[{\"@type\":\"ReadAction\",\"target\":[\"https:\\\/\\\/janina.es\\\/es\\\/aviso-legal\\\/\"]}]},{\"@type\":\"ImageObject\",\"inLanguage\":\"es\",\"@id\":\"https:\\\/\\\/janina.es\\\/es\\\/aviso-legal\\\/#primaryimage\",\"url\":\"https:\\\/\\\/janina.es\\\/wp-content\\\/uploads\\\/2025\\\/05\\\/janina-favicon.webp\",\"contentUrl\":\"https:\\\/\\\/janina.es\\\/wp-content\\\/uploads\\\/2025\\\/05\\\/janina-favicon.webp\",\"width\":347,\"height\":347},{\"@type\":\"BreadcrumbList\",\"@id\":\"https:\\\/\\\/janina.es\\\/es\\\/aviso-legal\\\/#breadcrumb\",\"itemListElement\":[{\"@type\":\"ListItem\",\"position\":1,\"name\":\"Inici\",\"item\":\"https:\\\/\\\/janina.es\\\/es\\\/n-estudio\\\/\"},{\"@type\":\"ListItem\",\"position\":2,\"name\":\"Aviso legal\"}]},{\"@type\":\"WebSite\",\"@id\":\"https:\\\/\\\/janina.es\\\/es\\\/#website\",\"url\":\"https:\\\/\\\/janina.es\\\/es\\\/\",\"name\":\"Janina\",\"description\":\"Productes per a perruqueria, barberia i mobiliari de sal\u00f3\",\"publisher\":{\"@id\":\"https:\\\/\\\/janina.es\\\/es\\\/#organization\"},\"potentialAction\":[{\"@type\":\"SearchAction\",\"target\":{\"@type\":\"EntryPoint\",\"urlTemplate\":\"https:\\\/\\\/janina.es\\\/es\\\/?s={search_term_string}\"},\"query-input\":{\"@type\":\"PropertyValueSpecification\",\"valueRequired\":true,\"valueName\":\"search_term_string\"}}],\"inLanguage\":\"es\"},{\"@type\":\"Organization\",\"@id\":\"https:\\\/\\\/janina.es\\\/es\\\/#organization\",\"name\":\"Janina\",\"url\":\"https:\\\/\\\/janina.es\\\/es\\\/\",\"logo\":{\"@type\":\"ImageObject\",\"inLanguage\":\"es\",\"@id\":\"https:\\\/\\\/janina.es\\\/es\\\/#\\\/schema\\\/logo\\\/image\\\/\",\"url\":\"https:\\\/\\\/janina.es\\\/wp-content\\\/uploads\\\/2025\\\/04\\\/janina-logo-white.webp\",\"contentUrl\":\"https:\\\/\\\/janina.es\\\/wp-content\\\/uploads\\\/2025\\\/04\\\/janina-logo-white.webp\",\"width\":532,\"height\":169,\"caption\":\"Janina\"},\"image\":{\"@id\":\"https:\\\/\\\/janina.es\\\/es\\\/#\\\/schema\\\/logo\\\/image\\\/\"}}]}<\/script>\n<!-- \/ Yoast SEO plugin. -->","yoast_head_json":{"title":"Aviso legal - Janina","description":"Consulta el aviso legal de Janina, empresa especializada en distribuci\u00f3n de productos de peluquer\u00eda, barber\u00eda y belleza.","robots":{"index":"index","follow":"follow","max-snippet":"max-snippet:-1","max-image-preview":"max-image-preview:large","max-video-preview":"max-video-preview:-1"},"canonical":"https:\/\/janina.es\/es\/aviso-legal\/","og_locale":"es_ES","og_type":"article","og_title":"Aviso legal - Janina","og_description":"Consulta el aviso legal de Janina, empresa especializada en distribuci\u00f3n de productos de peluquer\u00eda, barber\u00eda y belleza.","og_url":"https:\/\/janina.es\/es\/aviso-legal\/","og_site_name":"Janina","article_modified_time":"2025-05-26T07:43:28+00:00","og_image":[{"width":347,"height":347,"url":"https:\/\/janina.es\/wp-content\/uploads\/2025\/05\/janina-favicon.webp","type":"image\/webp"}],"twitter_card":"summary_large_image","twitter_misc":{"Tiempo de lectura":"7 minutos"},"schema":{"@context":"https:\/\/schema.org","@graph":[{"@type":"WebPage","@id":"https:\/\/janina.es\/es\/aviso-legal\/","url":"https:\/\/janina.es\/es\/aviso-legal\/","name":"Aviso legal - Janina","isPartOf":{"@id":"https:\/\/janina.es\/es\/#website"},"primaryImageOfPage":{"@id":"https:\/\/janina.es\/es\/aviso-legal\/#primaryimage"},"image":{"@id":"https:\/\/janina.es\/es\/aviso-legal\/#primaryimage"},"thumbnailUrl":"https:\/\/janina.es\/wp-content\/uploads\/2025\/05\/janina-favicon.webp","datePublished":"2025-04-11T10:04:20+00:00","dateModified":"2025-05-26T07:43:28+00:00","description":"Consulta el aviso legal de Janina, empresa especializada en distribuci\u00f3n de productos de peluquer\u00eda, barber\u00eda y belleza.","breadcrumb":{"@id":"https:\/\/janina.es\/es\/aviso-legal\/#breadcrumb"},"inLanguage":"es","potentialAction":[{"@type":"ReadAction","target":["https:\/\/janina.es\/es\/aviso-legal\/"]}]},{"@type":"ImageObject","inLanguage":"es","@id":"https:\/\/janina.es\/es\/aviso-legal\/#primaryimage","url":"https:\/\/janina.es\/wp-content\/uploads\/2025\/05\/janina-favicon.webp","contentUrl":"https:\/\/janina.es\/wp-content\/uploads\/2025\/05\/janina-favicon.webp","width":347,"height":347},{"@type":"BreadcrumbList","@id":"https:\/\/janina.es\/es\/aviso-legal\/#breadcrumb","itemListElement":[{"@type":"ListItem","position":1,"name":"Inici","item":"https:\/\/janina.es\/es\/n-estudio\/"},{"@type":"ListItem","position":2,"name":"Aviso legal"}]},{"@type":"WebSite","@id":"https:\/\/janina.es\/es\/#website","url":"https:\/\/janina.es\/es\/","name":"Janina","description":"Productes per a perruqueria, barberia i mobiliari de sal\u00f3","publisher":{"@id":"https:\/\/janina.es\/es\/#organization"},"potentialAction":[{"@type":"SearchAction","target":{"@type":"EntryPoint","urlTemplate":"https:\/\/janina.es\/es\/?s={search_term_string}"},"query-input":{"@type":"PropertyValueSpecification","valueRequired":true,"valueName":"search_term_string"}}],"inLanguage":"es"},{"@type":"Organization","@id":"https:\/\/janina.es\/es\/#organization","name":"Janina","url":"https:\/\/janina.es\/es\/","logo":{"@type":"ImageObject","inLanguage":"es","@id":"https:\/\/janina.es\/es\/#\/schema\/logo\/image\/","url":"https:\/\/janina.es\/wp-content\/uploads\/2025\/04\/janina-logo-white.webp","contentUrl":"https:\/\/janina.es\/wp-content\/uploads\/2025\/04\/janina-logo-white.webp","width":532,"height":169,"caption":"Janina"},"image":{"@id":"https:\/\/janina.es\/es\/#\/schema\/logo\/image\/"}}]}},"_links":{"self":[{"href":"https:\/\/janina.es\/es\/wp-json\/wp\/v2\/pages\/706","targetHints":{"allow":["GET"]}}],"collection":[{"href":"https:\/\/janina.es\/es\/wp-json\/wp\/v2\/pages"}],"about":[{"href":"https:\/\/janina.es\/es\/wp-json\/wp\/v2\/types\/page"}],"author":[{"embeddable":true,"href":"https:\/\/janina.es\/es\/wp-json\/wp\/v2\/users\/1"}],"replies":[{"embeddable":true,"href":"https:\/\/janina.es\/es\/wp-json\/wp\/v2\/comments?post=706"}],"version-history":[{"count":6,"href":"https:\/\/janina.es\/es\/wp-json\/wp\/v2\/pages\/706\/revisions"}],"predecessor-version":[{"id":1756,"href":"https:\/\/janina.es\/es\/wp-json\/wp\/v2\/pages\/706\/revisions\/1756"}],"wp:featuredmedia":[{"embeddable":true,"href":"https:\/\/janina.es\/es\/wp-json\/wp\/v2\/media\/1170"}],"wp:attachment":[{"href":"https:\/\/janina.es\/es\/wp-json\/wp\/v2\/media?parent=706"}],"curies":[{"name":"wp","href":"https:\/\/api.w.org\/{rel}","templated":true}]}}